{"id":997,"date":"2014-07-12T20:12:52","date_gmt":"2014-07-12T20:12:52","guid":{"rendered":"http:\/\/souvenirsdaltitude.fr\/wordpress\/?page_id=997"},"modified":"2016-04-17T16:23:41","modified_gmt":"2016-04-17T16:23:41","slug":"mentions-legales","status":"publish","type":"page","link":"https:\/\/souvenirsdaltitude.fr\/wordpress\/mentions-legales\/","title":{"rendered":"Mentions l\u00e9gales"},"content":{"rendered":"<div id=\"pl-997\"  class=\"panel-layout\" ><div id=\"pg-997-0\"  class=\"panel-grid panel-has-style\" ><div style=\"padding: 100px 0; \" data-overlay=\"true\" class=\"panel-row-style panel-row-style-for-997-0\" ><div id=\"pgc-997-0-0\"  class=\"panel-grid-cell panel-grid-cell-empty\" ><\/div><div id=\"pgc-997-0-1\"  class=\"panel-grid-cell panel-grid-cell-mobile-last\" ><div id=\"panel-997-0-1-0\" class=\"so-panel widget widget_sow-editor panel-first-child panel-last-child\" data-index=\"0\" ><div\n\t\t\t\n\t\t\tclass=\"so-widget-sow-editor so-widget-sow-editor-base\"\n\t\t\t\n\t\t>\n<div class=\"siteorigin-widget-tinymce textwidget\">\n\t<h2 style=\"text-align: center;\">Directeur de publication<\/h2>\n<p style=\"text-align: center;\">Benjamin Orgogozo<br \/> 25 bis, all\u00e9e des platanes<br \/> 69500 Bron<br \/> +33 (0)7-81-62-68-28<\/p>\n<h2 style=\"text-align: center;\">\u00a0<\/h2>\n<h2 style=\"text-align: center;\">Droit d'auteur<\/h2>\n<p style=\"text-align: center;\">Benjamin Orgogozo\u00a0est titulaire de l\u2019ensemble des droits portant sur le contenu de ce site internet\u00a0dont le contenu n'est pas libre de droit. Ainsi, toute repr\u00e9sentation ou reproduction totale ou partielle de ces \u00e9l\u00e9ments, par quelque proc\u00e9d\u00e9 que ce soit,\u00a0est interdite et constituerait une contrefa\u00e7on sanctionn\u00e9e par les articles L.335-2 et suivants\u00a0du code de la propri\u00e9t\u00e9 intellectuelle. Si vous souhaitez pouvoir utiliser l'une de mes photos, vous pouvez aller sur mes pages d\u00e9taillant les modalit\u00e9s pour un <a title=\"Tirages\" href=\"http:\/\/souvenirsdaltitude.fr\/wordpress\/tirages\/\">tirage<\/a>\u00a0ou une cession de droit. Vous pouvez aussi bien \u00e9videmment me <a title=\"Contact\" href=\"http:\/\/souvenirsdaltitude.fr\/wordpress\/contact\/\">contacter<\/a> directement.<\/p>\n<h2 style=\"text-align: center;\">\u00a0<\/h2>\n<h2 style=\"text-align: center;\">Donn\u00e9es personnelles<\/h2>\n<p style=\"text-align: center;\">Ce site internet a \u00e9t\u00e9 d\u00e9clar\u00e9 \u00e0 la CNIL sous le num\u00e9ro 1783128.<br \/> Les donn\u00e9es fournies ne sont utilis\u00e9es que dans le cadre du traitement de vos inscriptions\u00a0ou commandes et ne sont en aucun cas c\u00e9d\u00e9es \u00e0 des tiers. Vous pouvez exercer votre droit d\u2019acc\u00e8s et de rectification \u00e0 l\u2019adresse suivante : contact@souvenirsdaltitude.fr ou en remplissant un formulaire de <a title=\"Contact\" href=\"http:\/\/souvenirsdaltitude.fr\/wordpress\/contact\/\">contact<\/a>.<\/p>\n<h2 style=\"text-align: center;\">\u00a0<\/h2>\n<h2 style=\"text-align: center;\">H\u00e9bergement<\/h2>\n<p style=\"text-align: center;\">Ce site internet est h\u00e9berg\u00e9 par la soci\u00e9t\u00e9 OVH.<br \/> Si\u00e8ge social :<\/p>\n<p style=\"text-align: center;\">2 rue Kellermann<br \/> 59100 Roubaix<br \/> France<\/p>\n<\/div>\n<\/div><\/div><\/div><div id=\"pgc-997-0-2\"  class=\"panel-grid-cell panel-grid-cell-empty\" ><\/div><\/div><\/div><\/div>","protected":false},"excerpt":{"rendered":"<p>Directeur de publicationBenjamin Orgogozo 25 bis, all\u00e9e des platanes 69500 Bron +33 (0)7-81-62-68-28\u00a0Droit d&rsquo;auteurBenjamin Orgogozo\u00a0est titulaire de l\u2019ensemble des droits portant sur le contenu de ce site internet\u00a0dont le contenu n&rsquo;est pas libre de droit. Ainsi, toute repr\u00e9sentation ou reproduction totale ou partielle de ces \u00e9l\u00e9ments, par quelque proc\u00e9d\u00e9 que ce soit,\u00a0est interdite et constituerait [&hellip;]<\/p>\n","protected":false},"author":2,"featured_media":0,"parent":0,"menu_order":0,"comment_status":"closed","ping_status":"closed","template":"page-templates\/page_fullwidth.php","meta":[],"jetpack_sharing_enabled":true,"_links":{"self":[{"href":"https:\/\/souvenirsdaltitude.fr\/wordpress\/wp-json\/wp\/v2\/pages\/997"}],"collection":[{"href":"https:\/\/souvenirsdaltitude.fr\/wordpress\/wp-json\/wp\/v2\/pages"}],"about":[{"href":"https:\/\/souvenirsdaltitude.fr\/wordpress\/wp-json\/wp\/v2\/types\/page"}],"author":[{"embeddable":true,"href":"https:\/\/souvenirsdaltitude.fr\/wordpress\/wp-json\/wp\/v2\/users\/2"}],"replies":[{"embeddable":true,"href":"https:\/\/souvenirsdaltitude.fr\/wordpress\/wp-json\/wp\/v2\/comments?post=997"}],"version-history":[{"count":0,"href":"https:\/\/souvenirsdaltitude.fr\/wordpress\/wp-json\/wp\/v2\/pages\/997\/revisions"}],"wp:attachment":[{"href":"https:\/\/souvenirsdaltitude.fr\/wordpress\/wp-json\/wp\/v2\/media?parent=997"}],"curies":[{"name":"wp","href":"https:\/\/api.w.org\/{rel}","templated":true}]}}