{"id":3968,"date":"2017-11-15T08:08:53","date_gmt":"2017-11-15T08:08:53","guid":{"rendered":"http:\/\/souvenirsdaltitude.fr\/wordpress\/?page_id=3968"},"modified":"2018-01-22T19:58:11","modified_gmt":"2018-01-22T19:58:11","slug":"au-fil-des-glaces-groenlandaises","status":"publish","type":"page","link":"https:\/\/souvenirsdaltitude.fr\/wordpress\/au-fil-des-glaces-groenlandaises\/","title":{"rendered":"Au fil des glaces groenlandaises"},"content":{"rendered":"<div id=\"pl-3968\"  class=\"panel-layout\" ><div id=\"pg-3968-0\"  class=\"panel-grid panel-has-style\" ><div style=\"padding: 100px 0; \" data-overlay=\"true\" class=\"panel-row-style panel-row-style-for-3968-0\" ><div id=\"pgc-3968-0-0\"  class=\"panel-grid-cell\" ><div id=\"panel-3968-0-0-0\" class=\"so-panel widget widget_sow-editor panel-first-child panel-last-child\" data-index=\"0\" ><div style=\"text-align: left;\" data-title-color=\"#443f3f\" data-headings-color=\"#443f3f\" class=\"panel-widget-style panel-widget-style-for-3968-0-0-0\" ><div\n\t\t\t\n\t\t\tclass=\"so-widget-sow-editor so-widget-sow-editor-base\"\n\t\t\t\n\t\t>\n<div class=\"siteorigin-widget-tinymce textwidget\">\n\t<p style=\"text-align: center;\">\u00ab Au Groenland, la glace reigne en ma\u00eetre... Parti de la c\u00f4te jusqu'\u00e0 la calotte glaciaire du Groenland, c'est \u00e0 une balade au fil des glaces groenlandaises que je vous invite \u00e0 me suivre. Des icebergs \u00e0 l'inlandsis, les animaux se font de plus en plus rares pour finalement terminer seul face \u00e0 ce d\u00e9sert de glaces. \u00bb<\/p>\n<p style=\"text-align: center;\">Exposition compos\u00e9e de 10 tirages encadr\u00e9s.\u00a0Vous pouvez bien \u00e9videmment la louer si vous le souhaitez : n'h\u00e9sitez pas \u00e0 me <a href=\"http:\/\/souvenirsdaltitude.fr\/wordpress\/contact\/\">contacter<\/a>\u00a0afin que nous discutions ensemble des modalit\u00e9s.<\/p>\n<p><strong>Du 19 au 21 janvier\u00a02018<\/strong>\u00a0au <a href=\"http:\/\/www.imagesetneige.com\/\">Festival images et neige<\/a> de Cluses, en Haute-Savoie.<\/p>\n<\/div>\n<\/div><\/div><\/div><\/div><div id=\"pgc-3968-0-1\"  class=\"panel-grid-cell\" ><div id=\"panel-3968-0-1-0\" class=\"so-panel widget widget_sow-editor panel-first-child panel-last-child\" data-index=\"1\" ><div style=\"text-align: left;\" data-title-color=\"#443f3f\" data-headings-color=\"#443f3f\" class=\"panel-widget-style panel-widget-style-for-3968-0-1-0\" ><div\n\t\t\t\n\t\t\tclass=\"so-widget-sow-editor so-widget-sow-editor-base\"\n\t\t\t\n\t\t>\n<div class=\"siteorigin-widget-tinymce textwidget\">\n\t<div class=\"tiled-gallery type-rectangular tiled-gallery-unresized\" data-original-width=\"8000\" data-carousel-extra='{&quot;blog_id&quot;:1,&quot;permalink&quot;:&quot;https:\\\/\\\/souvenirsdaltitude.fr\\\/wordpress\\\/au-fil-des-glaces-groenlandaises\\\/&quot;,&quot;likes_blog_id&quot;:110145678}' itemscope itemtype=\"http:\/\/schema.org\/ImageGallery\" > <div class=\"gallery-row\" style=\"width: 8000px; height: 4411px;\" data-original-width=\"8000\" data-original-height=\"4411\" > <div class=\"gallery-group images-3\" style=\"width: 3302px; height: 4411px;\" data-original-width=\"3302\" data-original-height=\"4411\" > <div class=\"tiled-gallery-item tiled-gallery-item-large\" itemprop=\"associatedMedia\" itemscope itemtype=\"http:\/\/schema.org\/ImageObject\"> <a href=\"https:\/\/souvenirsdaltitude.fr\/wordpress\/au-fil-des-glaces-groenlandaises\/disko_dsc3285_dsc3291_photoshop_20160805_15_13_18-2_1400-2\/\" border=\"0\" itemprop=\"url\"> <meta itemprop=\"width\" content=\"3298\"> <meta itemprop=\"height\" content=\"1649\"> <img data-attachment-id=\"3969\" data-orig-file=\"https:\/\/souvenirsdaltitude.fr\/wordpress\/wp-content\/uploads\/2017\/11\/disko_DSC3285_DSC3291_photoshop_20160805_15_13_18-2_1400.jpg\" data-orig-size=\"1400,700\" data-comments-opened=\"\" data-image-meta=\"{&quot;aperture&quot;:&quot;10&quot;,&quot;credit&quot;:&quot;Benjamin Orgogozo&quot;,&quot;camera&quot;:&quot;NIKON D800&quot;,&quot;caption&quot;:&quot;&quot;,&quot;created_timestamp&quot;:&quot;1470409998&quot;,&quot;copyright&quot;:&quot;&quot;,&quot;focal_length&quot;:&quot;300&quot;,&quot;iso&quot;:&quot;50&quot;,&quot;shutter_speed&quot;:&quot;80&quot;,&quot;title&quot;:&quot;&quot;,&quot;orientation&quot;:&quot;0&quot;}\" data-image-title=\"disko_DSC3285_DSC3291_photoshop_20160805_15_13_18-2_1400\" data-image-description=\"\" data-medium-file=\"https:\/\/i0.wp.com\/souvenirsdaltitude.fr\/wordpress\/wp-content\/uploads\/2017\/11\/disko_DSC3285_DSC3291_photoshop_20160805_15_13_18-2_1400.jpg?fit=300%2C150&#038;ssl=1\" data-large-file=\"https:\/\/i0.wp.com\/souvenirsdaltitude.fr\/wordpress\/wp-content\/uploads\/2017\/11\/disko_DSC3285_DSC3291_photoshop_20160805_15_13_18-2_1400.jpg?fit=1024%2C512&#038;ssl=1\" src=\"https:\/\/i0.wp.com\/souvenirsdaltitude.fr\/wordpress\/wp-content\/uploads\/2017\/11\/disko_DSC3285_DSC3291_photoshop_20160805_15_13_18-2_1400.jpg?w=3298&#038;h=1649&#038;ssl=1\" width=\"3298\" height=\"1649\" data-original-width=\"3298\" data-original-height=\"1649\" itemprop=\"http:\/\/schema.org\/image\" title=\"disko_DSC3285_DSC3291_photoshop_20160805_15_13_18-2_1400\" alt=\"disko_DSC3285_DSC3291_photoshop_20160805_15_13_18-2_1400\" style=\"width: 3298px; height: 1649px;\" \/> <\/a> <\/div> <div class=\"tiled-gallery-item tiled-gallery-item-large\" itemprop=\"associatedMedia\" itemscope itemtype=\"http:\/\/schema.org\/ImageObject\"> <a href=\"https:\/\/souvenirsdaltitude.fr\/wordpress\/au-fil-des-glaces-groenlandaises\/disko_dsc4264_20160807_22_50_09_1400-3\/\" border=\"0\" itemprop=\"url\"> <meta itemprop=\"width\" content=\"3298\"> <meta itemprop=\"height\" content=\"1649\"> <img data-attachment-id=\"3970\" data-orig-file=\"https:\/\/souvenirsdaltitude.fr\/wordpress\/wp-content\/uploads\/2017\/11\/disko_DSC4264_20160807_22_50_09_1400.jpg\" data-orig-size=\"1400,700\" data-comments-opened=\"\" data-image-meta=\"{&quot;aperture&quot;:&quot;9&quot;,&quot;credit&quot;:&quot;Benjamin Orgogozo&quot;,&quot;camera&quot;:&quot;NIKON D800&quot;,&quot;caption&quot;:&quot;&quot;,&quot;created_timestamp&quot;:&quot;1470610209&quot;,&quot;copyright&quot;:&quot;&quot;,&quot;focal_length&quot;:&quot;420&quot;,&quot;iso&quot;:&quot;400&quot;,&quot;shutter_speed&quot;:&quot;0.1&quot;,&quot;title&quot;:&quot;&quot;,&quot;orientation&quot;:&quot;0&quot;}\" data-image-title=\"disko_DSC4264_20160807_22_50_09_1400\" data-image-description=\"\" data-medium-file=\"https:\/\/i0.wp.com\/souvenirsdaltitude.fr\/wordpress\/wp-content\/uploads\/2017\/11\/disko_DSC4264_20160807_22_50_09_1400.jpg?fit=300%2C150&#038;ssl=1\" data-large-file=\"https:\/\/i0.wp.com\/souvenirsdaltitude.fr\/wordpress\/wp-content\/uploads\/2017\/11\/disko_DSC4264_20160807_22_50_09_1400.jpg?fit=1024%2C512&#038;ssl=1\" src=\"https:\/\/i0.wp.com\/souvenirsdaltitude.fr\/wordpress\/wp-content\/uploads\/2017\/11\/disko_DSC4264_20160807_22_50_09_1400.jpg?w=3298&#038;h=1649&#038;ssl=1\" width=\"3298\" height=\"1649\" data-original-width=\"3298\" data-original-height=\"1649\" itemprop=\"http:\/\/schema.org\/image\" title=\"disko_DSC4264_20160807_22_50_09_1400\" alt=\"disko_DSC4264_20160807_22_50_09_1400\" style=\"width: 3298px; height: 1649px;\" \/> <\/a> <\/div> <div class=\"tiled-gallery-item tiled-gallery-item-large\" itemprop=\"associatedMedia\" itemscope itemtype=\"http:\/\/schema.org\/ImageObject\"> <a href=\"https:\/\/souvenirsdaltitude.fr\/wordpress\/au-fil-des-glaces-groenlandaises\/kangerlussuaq_dsc5019-pano_20160814_12_09_10_1400\/\" border=\"0\" itemprop=\"url\"> <meta itemprop=\"width\" content=\"3298\"> <meta itemprop=\"height\" content=\"1101\"> <img data-attachment-id=\"3971\" data-orig-file=\"https:\/\/souvenirsdaltitude.fr\/wordpress\/wp-content\/uploads\/2017\/11\/kangerlussuaq_DSC5019-Pano_20160814_12_09_10_1400.jpg\" data-orig-size=\"1400,467\" data-comments-opened=\"\" data-image-meta=\"{&quot;aperture&quot;:&quot;5.6&quot;,&quot;credit&quot;:&quot;Benjamin Orgogozo&quot;,&quot;camera&quot;:&quot;NIKON D800&quot;,&quot;caption&quot;:&quot;&quot;,&quot;created_timestamp&quot;:&quot;1471176550&quot;,&quot;copyright&quot;:&quot;&quot;,&quot;focal_length&quot;:&quot;300&quot;,&quot;iso&quot;:&quot;160&quot;,&quot;shutter_speed&quot;:&quot;0.0005&quot;,&quot;title&quot;:&quot;&quot;,&quot;orientation&quot;:&quot;0&quot;}\" data-image-title=\"kangerlussuaq_DSC5019-Pano_20160814_12_09_10_1400\" data-image-description=\"\" data-medium-file=\"https:\/\/i0.wp.com\/souvenirsdaltitude.fr\/wordpress\/wp-content\/uploads\/2017\/11\/kangerlussuaq_DSC5019-Pano_20160814_12_09_10_1400.jpg?fit=300%2C100&#038;ssl=1\" data-large-file=\"https:\/\/i0.wp.com\/souvenirsdaltitude.fr\/wordpress\/wp-content\/uploads\/2017\/11\/kangerlussuaq_DSC5019-Pano_20160814_12_09_10_1400.jpg?fit=1024%2C342&#038;ssl=1\" src=\"https:\/\/i0.wp.com\/souvenirsdaltitude.fr\/wordpress\/wp-content\/uploads\/2017\/11\/kangerlussuaq_DSC5019-Pano_20160814_12_09_10_1400.jpg?w=3298&#038;h=1101&#038;ssl=1\" width=\"3298\" height=\"1101\" data-original-width=\"3298\" data-original-height=\"1101\" itemprop=\"http:\/\/schema.org\/image\" title=\"kangerlussuaq_DSC5019-Pano_20160814_12_09_10_1400\" alt=\"kangerlussuaq_DSC5019-Pano_20160814_12_09_10_1400\" style=\"width: 3298px; height: 1101px;\" \/> <\/a> <\/div> <\/div> <!-- close group --> <div class=\"gallery-group images-4\" style=\"width: 1761px; height: 4411px;\" data-original-width=\"1761\" data-original-height=\"4411\" > <div class=\"tiled-gallery-item tiled-gallery-item-large\" itemprop=\"associatedMedia\" itemscope itemtype=\"http:\/\/schema.org\/ImageObject\"> <a href=\"https:\/\/souvenirsdaltitude.fr\/wordpress\/au-fil-des-glaces-groenlandaises\/kangerlussuaq_dsc5101_20160814_13_08_03_1400\/\" border=\"0\" itemprop=\"url\"> <meta itemprop=\"width\" content=\"1757\"> <meta itemprop=\"height\" content=\"1173\"> <img data-attachment-id=\"3972\" data-orig-file=\"https:\/\/souvenirsdaltitude.fr\/wordpress\/wp-content\/uploads\/2017\/11\/kangerlussuaq_DSC5101_20160814_13_08_03_1400.jpg\" data-orig-size=\"1400,934\" data-comments-opened=\"\" data-image-meta=\"{&quot;aperture&quot;:&quot;4&quot;,&quot;credit&quot;:&quot;Benjamin Orgogozo&quot;,&quot;camera&quot;:&quot;NIKON D800&quot;,&quot;caption&quot;:&quot;&quot;,&quot;created_timestamp&quot;:&quot;1471180083&quot;,&quot;copyright&quot;:&quot;&quot;,&quot;focal_length&quot;:&quot;300&quot;,&quot;iso&quot;:&quot;100&quot;,&quot;shutter_speed&quot;:&quot;0.001&quot;,&quot;title&quot;:&quot;&quot;,&quot;orientation&quot;:&quot;0&quot;}\" data-image-title=\"kangerlussuaq_DSC5101_20160814_13_08_03_1400\" data-image-description=\"\" data-medium-file=\"https:\/\/i0.wp.com\/souvenirsdaltitude.fr\/wordpress\/wp-content\/uploads\/2017\/11\/kangerlussuaq_DSC5101_20160814_13_08_03_1400.jpg?fit=300%2C200&#038;ssl=1\" data-large-file=\"https:\/\/i0.wp.com\/souvenirsdaltitude.fr\/wordpress\/wp-content\/uploads\/2017\/11\/kangerlussuaq_DSC5101_20160814_13_08_03_1400.jpg?fit=1024%2C683&#038;ssl=1\" src=\"https:\/\/i0.wp.com\/souvenirsdaltitude.fr\/wordpress\/wp-content\/uploads\/2017\/11\/kangerlussuaq_DSC5101_20160814_13_08_03_1400.jpg?w=1757&#038;h=1173&#038;ssl=1\" width=\"1757\" height=\"1173\" data-original-width=\"1757\" data-original-height=\"1173\" itemprop=\"http:\/\/schema.org\/image\" title=\"kangerlussuaq_DSC5101_20160814_13_08_03_1400\" alt=\"kangerlussuaq_DSC5101_20160814_13_08_03_1400\" style=\"width: 1757px; height: 1173px;\" \/> <\/a> <\/div> <div class=\"tiled-gallery-item tiled-gallery-item-large\" itemprop=\"associatedMedia\" itemscope itemtype=\"http:\/\/schema.org\/ImageObject\"> <a href=\"https:\/\/souvenirsdaltitude.fr\/wordpress\/au-fil-des-glaces-groenlandaises\/kangerlussuaq_dsc5748-pano_20160815_21_43_30_1400-2\/\" border=\"0\" itemprop=\"url\"> <meta itemprop=\"width\" content=\"1757\"> <meta itemprop=\"height\" content=\"1171\"> <img data-attachment-id=\"3973\" data-orig-file=\"https:\/\/souvenirsdaltitude.fr\/wordpress\/wp-content\/uploads\/2017\/11\/kangerlussuaq_DSC5748-Pano_20160815_21_43_30_1400.jpg\" data-orig-size=\"1400,933\" data-comments-opened=\"\" data-image-meta=\"{&quot;aperture&quot;:&quot;13&quot;,&quot;credit&quot;:&quot;Benjamin Orgogozo&quot;,&quot;camera&quot;:&quot;NIKON D800&quot;,&quot;caption&quot;:&quot;&quot;,&quot;created_timestamp&quot;:&quot;1471297379&quot;,&quot;copyright&quot;:&quot;&quot;,&quot;focal_length&quot;:&quot;20&quot;,&quot;iso&quot;:&quot;100&quot;,&quot;shutter_speed&quot;:&quot;0.04&quot;,&quot;title&quot;:&quot;&quot;,&quot;orientation&quot;:&quot;0&quot;}\" data-image-title=\"kangerlussuaq_DSC5748-Pano_20160815_21_43_30_1400\" data-image-description=\"\" data-medium-file=\"https:\/\/i0.wp.com\/souvenirsdaltitude.fr\/wordpress\/wp-content\/uploads\/2017\/11\/kangerlussuaq_DSC5748-Pano_20160815_21_43_30_1400.jpg?fit=300%2C200&#038;ssl=1\" data-large-file=\"https:\/\/i0.wp.com\/souvenirsdaltitude.fr\/wordpress\/wp-content\/uploads\/2017\/11\/kangerlussuaq_DSC5748-Pano_20160815_21_43_30_1400.jpg?fit=1024%2C682&#038;ssl=1\" src=\"https:\/\/i0.wp.com\/souvenirsdaltitude.fr\/wordpress\/wp-content\/uploads\/2017\/11\/kangerlussuaq_DSC5748-Pano_20160815_21_43_30_1400.jpg?w=1757&#038;h=1171&#038;ssl=1\" width=\"1757\" height=\"1171\" data-original-width=\"1757\" data-original-height=\"1171\" itemprop=\"http:\/\/schema.org\/image\" title=\"kangerlussuaq_DSC5748-Pano_20160815_21_43_30_1400\" alt=\"kangerlussuaq_DSC5748-Pano_20160815_21_43_30_1400\" style=\"width: 1757px; height: 1171px;\" \/> <\/a> <\/div> <div class=\"tiled-gallery-item tiled-gallery-item-large\" itemprop=\"associatedMedia\" itemscope itemtype=\"http:\/\/schema.org\/ImageObject\"> <a href=\"https:\/\/souvenirsdaltitude.fr\/wordpress\/au-fil-des-glaces-groenlandaises\/kangerlussuaq_dsc6050-pano_20160816_14_03_13_1400\/\" border=\"0\" itemprop=\"url\"> <meta itemprop=\"width\" content=\"1757\"> <meta itemprop=\"height\" content=\"879\"> <img data-attachment-id=\"3978\" data-orig-file=\"https:\/\/souvenirsdaltitude.fr\/wordpress\/wp-content\/uploads\/2017\/11\/kangerlussuaq_DSC6050-Pano_20160816_14_03_13_1400.jpg\" data-orig-size=\"1400,700\" data-comments-opened=\"\" data-image-meta=\"{&quot;aperture&quot;:&quot;11&quot;,&quot;credit&quot;:&quot;Benjamin Orgogozo&quot;,&quot;camera&quot;:&quot;NIKON D800&quot;,&quot;caption&quot;:&quot;&quot;,&quot;created_timestamp&quot;:&quot;1471356182&quot;,&quot;copyright&quot;:&quot;&quot;,&quot;focal_length&quot;:&quot;20&quot;,&quot;iso&quot;:&quot;100&quot;,&quot;shutter_speed&quot;:&quot;0.004&quot;,&quot;title&quot;:&quot;&quot;,&quot;orientation&quot;:&quot;0&quot;}\" data-image-title=\"kangerlussuaq_DSC6050-Pano_20160816_14_03_13_1400\" data-image-description=\"\" data-medium-file=\"https:\/\/i0.wp.com\/souvenirsdaltitude.fr\/wordpress\/wp-content\/uploads\/2017\/11\/kangerlussuaq_DSC6050-Pano_20160816_14_03_13_1400.jpg?fit=300%2C150&#038;ssl=1\" data-large-file=\"https:\/\/i0.wp.com\/souvenirsdaltitude.fr\/wordpress\/wp-content\/uploads\/2017\/11\/kangerlussuaq_DSC6050-Pano_20160816_14_03_13_1400.jpg?fit=1024%2C512&#038;ssl=1\" src=\"https:\/\/i0.wp.com\/souvenirsdaltitude.fr\/wordpress\/wp-content\/uploads\/2017\/11\/kangerlussuaq_DSC6050-Pano_20160816_14_03_13_1400.jpg?w=1757&#038;h=879&#038;ssl=1\" width=\"1757\" height=\"879\" data-original-width=\"1757\" data-original-height=\"879\" itemprop=\"http:\/\/schema.org\/image\" title=\"kangerlussuaq_DSC6050-Pano_20160816_14_03_13_1400\" alt=\"kangerlussuaq_DSC6050-Pano_20160816_14_03_13_1400\" style=\"width: 1757px; height: 879px;\" \/> <\/a> <\/div> <div class=\"tiled-gallery-item tiled-gallery-item-large\" itemprop=\"associatedMedia\" itemscope itemtype=\"http:\/\/schema.org\/ImageObject\"> <a href=\"https:\/\/souvenirsdaltitude.fr\/wordpress\/au-fil-des-glaces-groenlandaises\/kangerlussuaq_dsc5990_20160816_10_12_56_1400-2\/\" border=\"0\" itemprop=\"url\"> <meta itemprop=\"width\" content=\"1757\"> <meta itemprop=\"height\" content=\"1172\"> <img data-attachment-id=\"3977\" data-orig-file=\"https:\/\/souvenirsdaltitude.fr\/wordpress\/wp-content\/uploads\/2017\/11\/kangerlussuaq_DSC5990_20160816_10_12_56_1400.jpg\" data-orig-size=\"1400,934\" data-comments-opened=\"\" data-image-meta=\"{&quot;aperture&quot;:&quot;14&quot;,&quot;credit&quot;:&quot;Benjamin Orgogozo&quot;,&quot;camera&quot;:&quot;NIKON D800&quot;,&quot;caption&quot;:&quot;&quot;,&quot;created_timestamp&quot;:&quot;1471342376&quot;,&quot;copyright&quot;:&quot;&quot;,&quot;focal_length&quot;:&quot;20&quot;,&quot;iso&quot;:&quot;100&quot;,&quot;shutter_speed&quot;:&quot;0.016666666666667&quot;,&quot;title&quot;:&quot;&quot;,&quot;orientation&quot;:&quot;0&quot;}\" data-image-title=\"kangerlussuaq_DSC5990_20160816_10_12_56_1400\" data-image-description=\"\" data-medium-file=\"https:\/\/i0.wp.com\/souvenirsdaltitude.fr\/wordpress\/wp-content\/uploads\/2017\/11\/kangerlussuaq_DSC5990_20160816_10_12_56_1400.jpg?fit=300%2C200&#038;ssl=1\" data-large-file=\"https:\/\/i0.wp.com\/souvenirsdaltitude.fr\/wordpress\/wp-content\/uploads\/2017\/11\/kangerlussuaq_DSC5990_20160816_10_12_56_1400.jpg?fit=1024%2C683&#038;ssl=1\" src=\"https:\/\/i0.wp.com\/souvenirsdaltitude.fr\/wordpress\/wp-content\/uploads\/2017\/11\/kangerlussuaq_DSC5990_20160816_10_12_56_1400.jpg?w=1757&#038;h=1172&#038;ssl=1\" width=\"1757\" height=\"1172\" data-original-width=\"1757\" data-original-height=\"1172\" itemprop=\"http:\/\/schema.org\/image\" title=\"kangerlussuaq_DSC5990_20160816_10_12_56_1400\" alt=\"kangerlussuaq_DSC5990_20160816_10_12_56_1400\" style=\"width: 1757px; height: 1172px;\" \/> <\/a> <\/div> <\/div> <!-- close group --> <div class=\"gallery-group images-3\" style=\"width: 2937px; height: 4411px;\" data-original-width=\"2937\" data-original-height=\"4411\" > <div class=\"tiled-gallery-item tiled-gallery-item-large\" itemprop=\"associatedMedia\" itemscope itemtype=\"http:\/\/schema.org\/ImageObject\"> <a href=\"https:\/\/souvenirsdaltitude.fr\/wordpress\/au-fil-des-glaces-groenlandaises\/kangerlussuaq_dsc5977-pano-2_20160816_10_05_56_1400\/\" border=\"0\" itemprop=\"url\"> <meta itemprop=\"width\" content=\"2933\"> <meta itemprop=\"height\" content=\"1466\"> <img data-attachment-id=\"3976\" data-orig-file=\"https:\/\/souvenirsdaltitude.fr\/wordpress\/wp-content\/uploads\/2017\/11\/kangerlussuaq_DSC5977-Pano-2_20160816_10_05_56_1400.jpg\" data-orig-size=\"1400,700\" data-comments-opened=\"\" data-image-meta=\"{&quot;aperture&quot;:&quot;14&quot;,&quot;credit&quot;:&quot;Benjamin Orgogozo&quot;,&quot;camera&quot;:&quot;NIKON D800&quot;,&quot;caption&quot;:&quot;&quot;,&quot;created_timestamp&quot;:&quot;1471341946&quot;,&quot;copyright&quot;:&quot;&quot;,&quot;focal_length&quot;:&quot;20&quot;,&quot;iso&quot;:&quot;100&quot;,&quot;shutter_speed&quot;:&quot;0.0125&quot;,&quot;title&quot;:&quot;&quot;,&quot;orientation&quot;:&quot;0&quot;}\" data-image-title=\"kangerlussuaq_DSC5977-Pano-2_20160816_10_05_56_1400\" data-image-description=\"\" data-medium-file=\"https:\/\/i0.wp.com\/souvenirsdaltitude.fr\/wordpress\/wp-content\/uploads\/2017\/11\/kangerlussuaq_DSC5977-Pano-2_20160816_10_05_56_1400.jpg?fit=300%2C150&#038;ssl=1\" data-large-file=\"https:\/\/i0.wp.com\/souvenirsdaltitude.fr\/wordpress\/wp-content\/uploads\/2017\/11\/kangerlussuaq_DSC5977-Pano-2_20160816_10_05_56_1400.jpg?fit=1024%2C512&#038;ssl=1\" src=\"https:\/\/i0.wp.com\/souvenirsdaltitude.fr\/wordpress\/wp-content\/uploads\/2017\/11\/kangerlussuaq_DSC5977-Pano-2_20160816_10_05_56_1400.jpg?w=2933&#038;h=1466&#038;ssl=1\" width=\"2933\" height=\"1466\" data-original-width=\"2933\" data-original-height=\"1466\" itemprop=\"http:\/\/schema.org\/image\" title=\"kangerlussuaq_DSC5977-Pano-2_20160816_10_05_56_1400\" alt=\"kangerlussuaq_DSC5977-Pano-2_20160816_10_05_56_1400\" style=\"width: 2933px; height: 1466px;\" \/> <\/a> <\/div> <div class=\"tiled-gallery-item tiled-gallery-item-large\" itemprop=\"associatedMedia\" itemscope itemtype=\"http:\/\/schema.org\/ImageObject\"> <a href=\"https:\/\/souvenirsdaltitude.fr\/wordpress\/au-fil-des-glaces-groenlandaises\/kangerlussuaq_dsc5953_dsc5958_20160816_01_23_57_1400-3\/\" border=\"0\" itemprop=\"url\"> <meta itemprop=\"width\" content=\"2933\"> <meta itemprop=\"height\" content=\"978\"> <img data-attachment-id=\"3975\" data-orig-file=\"https:\/\/souvenirsdaltitude.fr\/wordpress\/wp-content\/uploads\/2017\/11\/kangerlussuaq_DSC5953_DSC5958_20160816_01_23_57_1400.jpg\" data-orig-size=\"1400,467\" data-comments-opened=\"\" data-image-meta=\"{&quot;aperture&quot;:&quot;4&quot;,&quot;credit&quot;:&quot;&quot;,&quot;camera&quot;:&quot;NIKON D800&quot;,&quot;caption&quot;:&quot;&quot;,&quot;created_timestamp&quot;:&quot;1471310637&quot;,&quot;copyright&quot;:&quot;&quot;,&quot;focal_length&quot;:&quot;300&quot;,&quot;iso&quot;:&quot;100&quot;,&quot;shutter_speed&quot;:&quot;30&quot;,&quot;title&quot;:&quot;&quot;,&quot;orientation&quot;:&quot;0&quot;}\" data-image-title=\"kangerlussuaq_DSC5953_DSC5958_20160816_01_23_57_1400\" data-image-description=\"\" data-medium-file=\"https:\/\/i0.wp.com\/souvenirsdaltitude.fr\/wordpress\/wp-content\/uploads\/2017\/11\/kangerlussuaq_DSC5953_DSC5958_20160816_01_23_57_1400.jpg?fit=300%2C100&#038;ssl=1\" data-large-file=\"https:\/\/i0.wp.com\/souvenirsdaltitude.fr\/wordpress\/wp-content\/uploads\/2017\/11\/kangerlussuaq_DSC5953_DSC5958_20160816_01_23_57_1400.jpg?fit=1024%2C342&#038;ssl=1\" src=\"https:\/\/i0.wp.com\/souvenirsdaltitude.fr\/wordpress\/wp-content\/uploads\/2017\/11\/kangerlussuaq_DSC5953_DSC5958_20160816_01_23_57_1400.jpg?w=2933&#038;h=978&#038;ssl=1\" width=\"2933\" height=\"978\" data-original-width=\"2933\" data-original-height=\"978\" itemprop=\"http:\/\/schema.org\/image\" title=\"kangerlussuaq_DSC5953_DSC5958_20160816_01_23_57_1400\" alt=\"kangerlussuaq_DSC5953_DSC5958_20160816_01_23_57_1400\" style=\"width: 2933px; height: 978px;\" \/> <\/a> <\/div> <div class=\"tiled-gallery-item tiled-gallery-item-large\" itemprop=\"associatedMedia\" itemscope itemtype=\"http:\/\/schema.org\/ImageObject\"> <a href=\"https:\/\/souvenirsdaltitude.fr\/wordpress\/arctique\/kangerlussuaq_dsc6102_20160816_14_10_51-2_1400-3\/\" border=\"0\" itemprop=\"url\"> <meta itemprop=\"width\" content=\"2933\"> <meta itemprop=\"height\" content=\"1955\"> <img data-attachment-id=\"4016\" data-orig-file=\"https:\/\/souvenirsdaltitude.fr\/wordpress\/wp-content\/uploads\/2018\/01\/kangerlussuaq_DSC6102_20160816_14_10_51-2_1400.jpg\" data-orig-size=\"1400,933\" data-comments-opened=\"\" data-image-meta=\"{&quot;aperture&quot;:&quot;11&quot;,&quot;credit&quot;:&quot;Benjamin Orgogozo&quot;,&quot;camera&quot;:&quot;NIKON D800&quot;,&quot;caption&quot;:&quot;&quot;,&quot;created_timestamp&quot;:&quot;1471356651&quot;,&quot;copyright&quot;:&quot;&quot;,&quot;focal_length&quot;:&quot;20&quot;,&quot;iso&quot;:&quot;100&quot;,&quot;shutter_speed&quot;:&quot;0.004&quot;,&quot;title&quot;:&quot;&quot;,&quot;orientation&quot;:&quot;0&quot;}\" data-image-title=\"kangerlussuaq_DSC6102_20160816_14_10_51-2_1400\" data-image-description=\"\" data-medium-file=\"https:\/\/i0.wp.com\/souvenirsdaltitude.fr\/wordpress\/wp-content\/uploads\/2018\/01\/kangerlussuaq_DSC6102_20160816_14_10_51-2_1400.jpg?fit=300%2C200&#038;ssl=1\" data-large-file=\"https:\/\/i0.wp.com\/souvenirsdaltitude.fr\/wordpress\/wp-content\/uploads\/2018\/01\/kangerlussuaq_DSC6102_20160816_14_10_51-2_1400.jpg?fit=1024%2C682&#038;ssl=1\" src=\"https:\/\/i0.wp.com\/souvenirsdaltitude.fr\/wordpress\/wp-content\/uploads\/2018\/01\/kangerlussuaq_DSC6102_20160816_14_10_51-2_1400.jpg?w=2933&#038;h=1955&#038;ssl=1\" width=\"2933\" height=\"1955\" data-original-width=\"2933\" data-original-height=\"1955\" itemprop=\"http:\/\/schema.org\/image\" title=\"kangerlussuaq_DSC6102_20160816_14_10_51-2_1400\" alt=\"kangerlussuaq_DSC6102_20160816_14_10_51-2_1400\" style=\"width: 2933px; height: 1955px;\" \/> <\/a> <\/div> <\/div> <!-- close group --> <\/div> <!-- close row --> <\/div>\n<\/div>\n<\/div><\/div><\/div><\/div><\/div><\/div><\/div>","protected":false},"excerpt":{"rendered":"<p>\u00ab Au Groenland, la glace reigne en ma\u00eetre&#8230; Parti de la c\u00f4te jusqu&rsquo;\u00e0 la calotte glaciaire du Groenland, c&rsquo;est \u00e0 une balade au fil des glaces groenlandaises que je vous invite \u00e0 me suivre. Des icebergs \u00e0 l&rsquo;inlandsis, les animaux se font de plus en plus rares pour finalement terminer seul face \u00e0 ce d\u00e9sert [&hellip;]<\/p>\n","protected":false},"author":2,"featured_media":0,"parent":0,"menu_order":0,"comment_status":"closed","ping_status":"closed","template":"page-templates\/page_fullwidth.php","meta":[],"jetpack_sharing_enabled":true,"_links":{"self":[{"href":"https:\/\/souvenirsdaltitude.fr\/wordpress\/wp-json\/wp\/v2\/pages\/3968"}],"collection":[{"href":"https:\/\/souvenirsdaltitude.fr\/wordpress\/wp-json\/wp\/v2\/pages"}],"about":[{"href":"https:\/\/souvenirsdaltitude.fr\/wordpress\/wp-json\/wp\/v2\/types\/page"}],"author":[{"embeddable":true,"href":"https:\/\/souvenirsdaltitude.fr\/wordpress\/wp-json\/wp\/v2\/users\/2"}],"replies":[{"embeddable":true,"href":"https:\/\/souvenirsdaltitude.fr\/wordpress\/wp-json\/wp\/v2\/comments?post=3968"}],"version-history":[{"count":0,"href":"https:\/\/souvenirsdaltitude.fr\/wordpress\/wp-json\/wp\/v2\/pages\/3968\/revisions"}],"wp:attachment":[{"href":"https:\/\/souvenirsdaltitude.fr\/wordpress\/wp-json\/wp\/v2\/media?parent=3968"}],"curies":[{"name":"wp","href":"https:\/\/api.w.org\/{rel}","templated":true}]}}