{"id":3790,"date":"2016-11-04T21:29:24","date_gmt":"2016-11-04T21:29:24","guid":{"rendered":"http:\/\/souvenirsdaltitude.fr\/wordpress\/?page_id=3790"},"modified":"2016-11-07T10:04:20","modified_gmt":"2016-11-07T10:04:20","slug":"stage-photo-alpes-hivernales","status":"publish","type":"page","link":"https:\/\/souvenirsdaltitude.fr\/wordpress\/stage-photo-alpes-hivernales\/","title":{"rendered":"Stage photo Alpes hivernales"},"content":{"rendered":"<div id=\"pl-3790\"  class=\"panel-layout\" ><div id=\"pg-3790-0\"  class=\"panel-grid panel-has-style\" ><div style=\"padding: 100px 0; \" data-overlay=\"true\" class=\"panel-row-style panel-row-style-for-3790-0\" ><div id=\"pgc-3790-0-0\"  class=\"panel-grid-cell panel-grid-cell-empty\" ><\/div><div id=\"pgc-3790-0-1\"  class=\"panel-grid-cell panel-grid-cell-mobile-last\" ><div id=\"panel-3790-0-1-0\" class=\"so-panel widget widget_sow-editor panel-first-child panel-last-child\" data-index=\"0\" ><div style=\"text-align: left;\" data-title-color=\"#443f3f\" data-headings-color=\"#443f3f\" class=\"panel-widget-style panel-widget-style-for-3790-0-1-0\" ><div\n\t\t\t\n\t\t\tclass=\"so-widget-sow-editor so-widget-sow-editor-base\"\n\t\t\t\n\t\t>\n<div class=\"siteorigin-widget-tinymce textwidget\">\n\t<div class=\"tiled-gallery type-rectangular tiled-gallery-unresized\" data-original-width=\"8000\" data-carousel-extra='{&quot;blog_id&quot;:1,&quot;permalink&quot;:&quot;https:\\\/\\\/souvenirsdaltitude.fr\\\/wordpress\\\/stage-photo-alpes-hivernales\\\/&quot;,&quot;likes_blog_id&quot;:110145678}' itemscope itemtype=\"http:\/\/schema.org\/ImageGallery\" > <div class=\"gallery-row\" style=\"width: 8000px; height: 2467px;\" data-original-width=\"8000\" data-original-height=\"2467\" > <div class=\"gallery-group images-2\" style=\"width: 3689px; height: 2467px;\" data-original-width=\"3689\" data-original-height=\"2467\" > <div class=\"tiled-gallery-item tiled-gallery-item-large\" itemprop=\"associatedMedia\" itemscope itemtype=\"http:\/\/schema.org\/ImageObject\"> <a href=\"https:\/\/souvenirsdaltitude.fr\/wordpress\/stage-photo-alpes-hivernales\/ambiance-hivernale\/\" border=\"0\" itemprop=\"url\"> <meta itemprop=\"width\" content=\"3685\"> <meta itemprop=\"height\" content=\"1230\"> <img data-attachment-id=\"3792\" data-orig-file=\"https:\/\/souvenirsdaltitude.fr\/wordpress\/wp-content\/uploads\/2016\/11\/tete_chevaliere_DSC4909_DSC4918_large_1400.jpg\" data-orig-size=\"1400,467\" data-comments-opened=\"\" data-image-meta=\"{&quot;aperture&quot;:&quot;8&quot;,&quot;credit&quot;:&quot;Benjamin Orgogozo&quot;,&quot;camera&quot;:&quot;NIKON D700&quot;,&quot;caption&quot;:&quot;Bivouac \\u00e0 la cabane de l\\u0027Essaure&quot;,&quot;created_timestamp&quot;:&quot;1385827946&quot;,&quot;copyright&quot;:&quot;&quot;,&quot;focal_length&quot;:&quot;70&quot;,&quot;iso&quot;:&quot;560&quot;,&quot;shutter_speed&quot;:&quot;0.008&quot;,&quot;title&quot;:&quot;Ambiance hivernale&quot;,&quot;orientation&quot;:&quot;0&quot;}\" data-image-title=\"\" data-image-description=\"\" data-medium-file=\"https:\/\/i0.wp.com\/souvenirsdaltitude.fr\/wordpress\/wp-content\/uploads\/2016\/11\/tete_chevaliere_DSC4909_DSC4918_large_1400.jpg?fit=300%2C100&#038;ssl=1\" data-large-file=\"https:\/\/i0.wp.com\/souvenirsdaltitude.fr\/wordpress\/wp-content\/uploads\/2016\/11\/tete_chevaliere_DSC4909_DSC4918_large_1400.jpg?fit=1024%2C342&#038;ssl=1\" src=\"https:\/\/i0.wp.com\/souvenirsdaltitude.fr\/wordpress\/wp-content\/uploads\/2016\/11\/tete_chevaliere_DSC4909_DSC4918_large_1400.jpg?w=3685&#038;h=1230&#038;ssl=1\" width=\"3685\" height=\"1230\" data-original-width=\"3685\" data-original-height=\"1230\" itemprop=\"http:\/\/schema.org\/image\" title=\"\" alt=\"\" style=\"width: 3685px; height: 1230px;\" \/> <\/a> <\/div> <div class=\"tiled-gallery-item tiled-gallery-item-large\" itemprop=\"associatedMedia\" itemscope itemtype=\"http:\/\/schema.org\/ImageObject\"> <a href=\"https:\/\/souvenirsdaltitude.fr\/wordpress\/stage-photo-alpes-hivernales\/mont-aiguille-4\/\" border=\"0\" itemprop=\"url\"> <meta itemprop=\"width\" content=\"3685\"> <meta itemprop=\"height\" content=\"1229\"> <img data-attachment-id=\"3808\" data-orig-file=\"https:\/\/souvenirsdaltitude.fr\/wordpress\/wp-content\/uploads\/2016\/11\/tete_chevaliere_DSC5082_DSC5088_1400.jpg\" data-orig-size=\"1400,467\" data-comments-opened=\"\" data-image-meta=\"{&quot;aperture&quot;:&quot;13&quot;,&quot;credit&quot;:&quot;Benjamin Orgogozo&quot;,&quot;camera&quot;:&quot;NIKON D700&quot;,&quot;caption&quot;:&quot;Lever de soleil sous la T\\u00eate Chevali\\u00e8re&quot;,&quot;created_timestamp&quot;:&quot;1385884108&quot;,&quot;copyright&quot;:&quot;&quot;,&quot;focal_length&quot;:&quot;40&quot;,&quot;iso&quot;:&quot;200&quot;,&quot;shutter_speed&quot;:&quot;0.33333333333333&quot;,&quot;title&quot;:&quot;Mont Aiguille&quot;,&quot;orientation&quot;:&quot;0&quot;}\" data-image-title=\"Mont Aiguille\" data-image-description=\"\" data-medium-file=\"https:\/\/i0.wp.com\/souvenirsdaltitude.fr\/wordpress\/wp-content\/uploads\/2016\/11\/tete_chevaliere_DSC5082_DSC5088_1400.jpg?fit=300%2C100&#038;ssl=1\" data-large-file=\"https:\/\/i0.wp.com\/souvenirsdaltitude.fr\/wordpress\/wp-content\/uploads\/2016\/11\/tete_chevaliere_DSC5082_DSC5088_1400.jpg?fit=1024%2C342&#038;ssl=1\" src=\"https:\/\/i0.wp.com\/souvenirsdaltitude.fr\/wordpress\/wp-content\/uploads\/2016\/11\/tete_chevaliere_DSC5082_DSC5088_1400.jpg?w=3685&#038;h=1229&#038;ssl=1\" width=\"3685\" height=\"1229\" data-original-width=\"3685\" data-original-height=\"1229\" itemprop=\"http:\/\/schema.org\/image\" title=\"Mont Aiguille\" alt=\"Mont Aiguille\" style=\"width: 3685px; height: 1229px;\" \/> <\/a> <\/div> <\/div> <!-- close group --> <div class=\"gallery-group images-2\" style=\"width: 2461px; height: 2467px;\" data-original-width=\"2461\" data-original-height=\"2467\" > <div class=\"tiled-gallery-item tiled-gallery-item-large\" itemprop=\"associatedMedia\" itemscope itemtype=\"http:\/\/schema.org\/ImageObject\"> <a href=\"https:\/\/souvenirsdaltitude.fr\/wordpress\/stage-photo-alpes-hivernales\/tete_chevaliere_dsc5040_1400\/\" border=\"0\" itemprop=\"url\"> <meta itemprop=\"width\" content=\"2457\"> <meta itemprop=\"height\" content=\"1636\"> <img data-attachment-id=\"3794\" data-orig-file=\"https:\/\/souvenirsdaltitude.fr\/wordpress\/wp-content\/uploads\/2016\/11\/tete_chevaliere_DSC5040_1400.jpg\" data-orig-size=\"1400,932\" data-comments-opened=\"\" data-image-meta=\"{&quot;aperture&quot;:&quot;7.1&quot;,&quot;credit&quot;:&quot;Benjamin Orgogozo&quot;,&quot;camera&quot;:&quot;NIKON D700&quot;,&quot;caption&quot;:&quot;&quot;,&quot;created_timestamp&quot;:&quot;1385881974&quot;,&quot;copyright&quot;:&quot;&quot;,&quot;focal_length&quot;:&quot;112&quot;,&quot;iso&quot;:&quot;200&quot;,&quot;shutter_speed&quot;:&quot;5&quot;,&quot;title&quot;:&quot;&quot;,&quot;orientation&quot;:&quot;0&quot;}\" data-image-title=\"\" data-image-description=\"\" data-medium-file=\"https:\/\/i0.wp.com\/souvenirsdaltitude.fr\/wordpress\/wp-content\/uploads\/2016\/11\/tete_chevaliere_DSC5040_1400.jpg?fit=300%2C200&#038;ssl=1\" data-large-file=\"https:\/\/i0.wp.com\/souvenirsdaltitude.fr\/wordpress\/wp-content\/uploads\/2016\/11\/tete_chevaliere_DSC5040_1400.jpg?fit=1024%2C682&#038;ssl=1\" src=\"https:\/\/i0.wp.com\/souvenirsdaltitude.fr\/wordpress\/wp-content\/uploads\/2016\/11\/tete_chevaliere_DSC5040_1400.jpg?w=2457&#038;h=1636&#038;ssl=1\" width=\"2457\" height=\"1636\" data-original-width=\"2457\" data-original-height=\"1636\" itemprop=\"http:\/\/schema.org\/image\" title=\"\" alt=\"\" style=\"width: 2457px; height: 1636px;\" \/> <\/a> <\/div> <div class=\"tiled-gallery-item tiled-gallery-item-large\" itemprop=\"associatedMedia\" itemscope itemtype=\"http:\/\/schema.org\/ImageObject\"> <a href=\"https:\/\/souvenirsdaltitude.fr\/wordpress\/stage-photo-alpes-hivernales\/mont-aiguille-5\/\" border=\"0\" itemprop=\"url\"> <meta itemprop=\"width\" content=\"2457\"> <meta itemprop=\"height\" content=\"823\"> <img data-attachment-id=\"3810\" data-orig-file=\"https:\/\/souvenirsdaltitude.fr\/wordpress\/wp-content\/uploads\/2016\/11\/tete_chevaliere_DSC5139_DSC5146_1400.jpg\" data-orig-size=\"1400,469\" data-comments-opened=\"\" data-image-meta=\"{&quot;aperture&quot;:&quot;11&quot;,&quot;credit&quot;:&quot;Benjamin Orgogozo&quot;,&quot;camera&quot;:&quot;NIKON D700&quot;,&quot;caption&quot;:&quot;Lever de soleil sous la T\\u00eate Chevali\\u00e8re&quot;,&quot;created_timestamp&quot;:&quot;1385885592&quot;,&quot;copyright&quot;:&quot;&quot;,&quot;focal_length&quot;:&quot;70&quot;,&quot;iso&quot;:&quot;400&quot;,&quot;shutter_speed&quot;:&quot;0.00625&quot;,&quot;title&quot;:&quot;Mont Aiguille&quot;,&quot;orientation&quot;:&quot;0&quot;}\" data-image-title=\"\" data-image-description=\"\" data-medium-file=\"https:\/\/i0.wp.com\/souvenirsdaltitude.fr\/wordpress\/wp-content\/uploads\/2016\/11\/tete_chevaliere_DSC5139_DSC5146_1400.jpg?fit=300%2C101&#038;ssl=1\" data-large-file=\"https:\/\/i0.wp.com\/souvenirsdaltitude.fr\/wordpress\/wp-content\/uploads\/2016\/11\/tete_chevaliere_DSC5139_DSC5146_1400.jpg?fit=1024%2C343&#038;ssl=1\" src=\"https:\/\/i0.wp.com\/souvenirsdaltitude.fr\/wordpress\/wp-content\/uploads\/2016\/11\/tete_chevaliere_DSC5139_DSC5146_1400.jpg?w=2457&#038;h=823&#038;ssl=1\" width=\"2457\" height=\"823\" data-original-width=\"2457\" data-original-height=\"823\" itemprop=\"http:\/\/schema.org\/image\" title=\"\" alt=\"\" style=\"width: 2457px; height: 823px;\" \/> <\/a> <\/div> <\/div> <!-- close group --> <div class=\"gallery-group images-2\" style=\"width: 1850px; height: 2467px;\" data-original-width=\"1850\" data-original-height=\"2467\" > <div class=\"tiled-gallery-item tiled-gallery-item-large\" itemprop=\"associatedMedia\" itemscope itemtype=\"http:\/\/schema.org\/ImageObject\"> <a href=\"https:\/\/souvenirsdaltitude.fr\/wordpress\/stage-photo-alpes-hivernales\/jeux-de-brumes-5\/\" border=\"0\" itemprop=\"url\"> <meta itemprop=\"width\" content=\"1846\"> <meta itemprop=\"height\" content=\"1230\"> <img data-attachment-id=\"3798\" data-orig-file=\"https:\/\/souvenirsdaltitude.fr\/wordpress\/wp-content\/uploads\/2016\/11\/tete_chevaliere_DSC5167_DSC5169_1400.jpg\" data-orig-size=\"1400,933\" data-comments-opened=\"\" data-image-meta=\"{&quot;aperture&quot;:&quot;11&quot;,&quot;credit&quot;:&quot;Benjamin Orgogozo&quot;,&quot;camera&quot;:&quot;NIKON D700&quot;,&quot;caption&quot;:&quot;Lever de soleil sous la T\\u00eate Chevali\\u00e8re&quot;,&quot;created_timestamp&quot;:&quot;1385885956&quot;,&quot;copyright&quot;:&quot;&quot;,&quot;focal_length&quot;:&quot;135&quot;,&quot;iso&quot;:&quot;200&quot;,&quot;shutter_speed&quot;:&quot;0.005&quot;,&quot;title&quot;:&quot;Jeux de brumes&quot;,&quot;orientation&quot;:&quot;0&quot;}\" data-image-title=\"\" data-image-description=\"\" data-medium-file=\"https:\/\/i0.wp.com\/souvenirsdaltitude.fr\/wordpress\/wp-content\/uploads\/2016\/11\/tete_chevaliere_DSC5167_DSC5169_1400.jpg?fit=300%2C200&#038;ssl=1\" data-large-file=\"https:\/\/i0.wp.com\/souvenirsdaltitude.fr\/wordpress\/wp-content\/uploads\/2016\/11\/tete_chevaliere_DSC5167_DSC5169_1400.jpg?fit=1024%2C682&#038;ssl=1\" src=\"https:\/\/i0.wp.com\/souvenirsdaltitude.fr\/wordpress\/wp-content\/uploads\/2016\/11\/tete_chevaliere_DSC5167_DSC5169_1400.jpg?w=1846&#038;h=1230&#038;ssl=1\" width=\"1846\" height=\"1230\" data-original-width=\"1846\" data-original-height=\"1230\" itemprop=\"http:\/\/schema.org\/image\" title=\"\" alt=\"\" style=\"width: 1846px; height: 1230px;\" \/> <\/a> <\/div> <div class=\"tiled-gallery-item tiled-gallery-item-large\" itemprop=\"associatedMedia\" itemscope itemtype=\"http:\/\/schema.org\/ImageObject\"> <a href=\"https:\/\/souvenirsdaltitude.fr\/wordpress\/stage-photo-alpes-hivernales\/tete_chevaliere_dsc5242_1400-2\/\" border=\"0\" itemprop=\"url\"> <meta itemprop=\"width\" content=\"1846\"> <meta itemprop=\"height\" content=\"1229\"> <img data-attachment-id=\"3806\" data-orig-file=\"https:\/\/souvenirsdaltitude.fr\/wordpress\/wp-content\/uploads\/2016\/11\/tete_chevaliere_DSC5242_1400-1.jpg\" data-orig-size=\"1400,932\" data-comments-opened=\"\" data-image-meta=\"{&quot;aperture&quot;:&quot;16&quot;,&quot;credit&quot;:&quot;Benjamin Orgogozo&quot;,&quot;camera&quot;:&quot;NIKON D700&quot;,&quot;caption&quot;:&quot;&quot;,&quot;created_timestamp&quot;:&quot;1385889825&quot;,&quot;copyright&quot;:&quot;&quot;,&quot;focal_length&quot;:&quot;56&quot;,&quot;iso&quot;:&quot;200&quot;,&quot;shutter_speed&quot;:&quot;0.002&quot;,&quot;title&quot;:&quot;&quot;,&quot;orientation&quot;:&quot;0&quot;}\" data-image-title=\"\" data-image-description=\"\" data-medium-file=\"https:\/\/i0.wp.com\/souvenirsdaltitude.fr\/wordpress\/wp-content\/uploads\/2016\/11\/tete_chevaliere_DSC5242_1400-1.jpg?fit=300%2C200&#038;ssl=1\" data-large-file=\"https:\/\/i0.wp.com\/souvenirsdaltitude.fr\/wordpress\/wp-content\/uploads\/2016\/11\/tete_chevaliere_DSC5242_1400-1.jpg?fit=1024%2C682&#038;ssl=1\" src=\"https:\/\/i0.wp.com\/souvenirsdaltitude.fr\/wordpress\/wp-content\/uploads\/2016\/11\/tete_chevaliere_DSC5242_1400-1.jpg?w=1846&#038;h=1229&#038;ssl=1\" width=\"1846\" height=\"1229\" data-original-width=\"1846\" data-original-height=\"1229\" itemprop=\"http:\/\/schema.org\/image\" title=\"\" alt=\"\" style=\"width: 1846px; height: 1229px;\" \/> <\/a> <\/div> <\/div> <!-- close group --> <\/div> <!-- close row --> <\/div>\n<p>\u00a0<\/p>\n<\/div>\n<\/div><\/div><\/div><\/div><div id=\"pgc-3790-0-2\"  class=\"panel-grid-cell panel-grid-cell-empty\" ><\/div><\/div><\/div><div id=\"pg-3790-1\"  class=\"panel-grid panel-has-style\" ><div style=\"padding: 100px 0; \" data-overlay=\"true\" class=\"panel-row-style panel-row-style-for-3790-1\" ><div id=\"pgc-3790-1-0\"  class=\"panel-grid-cell panel-grid-cell-empty\" ><\/div><div id=\"pgc-3790-1-1\"  class=\"panel-grid-cell\" ><div id=\"panel-3790-1-1-0\" class=\"so-panel widget widget_sow-editor panel-first-child panel-last-child\" data-index=\"1\" ><div\n\t\t\t\n\t\t\tclass=\"so-widget-sow-editor so-widget-sow-editor-base\"\n\t\t\t\n\t\t>\n<div class=\"siteorigin-widget-tinymce textwidget\">\n\t<p style=\"text-align: center;\"><strong>Niveau<\/strong> : de d\u00e9butant \u00e0 confirm\u00e9.<\/p>\n<\/div>\n<\/div><\/div><\/div><div id=\"pgc-3790-1-2\"  class=\"panel-grid-cell\" ><div id=\"panel-3790-1-2-0\" class=\"so-panel widget widget_sow-editor panel-first-child panel-last-child\" data-index=\"2\" ><div style=\"text-align: left;\" data-title-color=\"#443f3f\" data-headings-color=\"#443f3f\" class=\"panel-widget-style panel-widget-style-for-3790-1-2-0\" ><div\n\t\t\t\n\t\t\tclass=\"so-widget-sow-editor so-widget-sow-editor-base\"\n\t\t\t\n\t\t>\n<div class=\"siteorigin-widget-tinymce textwidget\">\n\t<p style=\"text-align: center;\"><strong>Dates<\/strong>\u00a0: 21-22 janvier ou 11-12 f\u00e9vrier 2017.<\/p>\n<\/div>\n<\/div><\/div><\/div><\/div><div id=\"pgc-3790-1-3\"  class=\"panel-grid-cell\" ><div id=\"panel-3790-1-3-0\" class=\"so-panel widget widget_sow-editor panel-first-child panel-last-child\" data-index=\"3\" ><div\n\t\t\t\n\t\t\tclass=\"so-widget-sow-editor so-widget-sow-editor-base\"\n\t\t\t\n\t\t>\n<div class=\"siteorigin-widget-tinymce textwidget\">\n\t<p style=\"text-align: center;\"><strong>Effectifs<\/strong>\u00a0: de 4 \u00e0 6 personnes.<\/p>\n<\/div>\n<\/div><\/div><\/div><div id=\"pgc-3790-1-4\"  class=\"panel-grid-cell panel-grid-cell-mobile-last\" ><div id=\"panel-3790-1-4-0\" class=\"so-panel widget widget_sow-editor panel-first-child panel-last-child\" data-index=\"4\" ><div\n\t\t\t\n\t\t\tclass=\"so-widget-sow-editor so-widget-sow-editor-base\"\n\t\t\t\n\t\t>\n<div class=\"siteorigin-widget-tinymce textwidget\">\n\t<p style=\"text-align: center;\">\u00a0<strong>Tarif<\/strong> : 270\u00a0euros.<\/p>\n<\/div>\n<\/div><\/div><\/div><div id=\"pgc-3790-1-5\"  class=\"panel-grid-cell panel-grid-cell-empty\" ><\/div><\/div><\/div><div id=\"pg-3790-2\"  class=\"panel-grid panel-has-style\" ><div style=\"padding: 100px 0; \" data-overlay=\"true\" class=\"panel-row-style panel-row-style-for-3790-2\" ><div id=\"pgc-3790-2-0\"  class=\"panel-grid-cell panel-grid-cell-empty\" ><\/div><div id=\"pgc-3790-2-1\"  class=\"panel-grid-cell panel-grid-cell-mobile-last\" ><div id=\"panel-3790-2-1-0\" class=\"so-panel widget widget_sow-editor panel-first-child panel-last-child\" data-index=\"5\" ><div style=\"text-align: left;\" data-title-color=\"#443f3f\" data-headings-color=\"#443f3f\" class=\"panel-widget-style panel-widget-style-for-3790-2-1-0\" ><div\n\t\t\t\n\t\t\tclass=\"so-widget-sow-editor so-widget-sow-editor-base\"\n\t\t\t\n\t\t>\n<div class=\"siteorigin-widget-tinymce textwidget\">\n\t<p style=\"text-align: justify;\">\u00a0<\/p>\n<p style=\"text-align: justify;\">Ce stage vous m\u00e8nera au c\u0153ur\u00a0du\u00a0<strong>PNR du Vercors<\/strong>,\u00a0dans le vallon de Combau, sur le haut-plateau du Vercors. Ici, for\u00eats, cr\u00eates et sommets embl\u00e9matiques sont r\u00e9unis pour offrir un paysage d'exception aux multiples possibilit\u00e9s photographiques. C'est dans ce d\u00e9cor hivernal f\u00e9\u00e9rique\u00a0que nous \u00e9voluerons pendant deux jours, avec notamment une nuit en abri\u00a0au c\u0153ur de ce paradis. Les couleurs d'un lever de soleil, le graphisme des for\u00eats enneig\u00e9es ou de d\u00e9tails de sculptures de neiges, le ballet des \u00e9toiles dans la nuit, seront pendant tout ce temps notre terrain de jeu pour apprendre ou parfaire les techniques que je vous enseignerai durant ces deux jours. N\u00e9anmoins, m\u00eame si nous aborderons \u00e9videmment les <strong>aspects techniques<\/strong> indispensables, ce stage a pour but de vous amener vers l\u2019autonomie quant \u00e0 votre pratique de la photo : il sera alors aussi l'occasion\u00a0pour vous l\u2019occasion de r\u00e9fl\u00e9chir au type d\u2019images que vous souhaitez faire et \u00e0 votre <strong>approche\u00a0personnelle<\/strong> de la photographie de paysage.<\/p>\n<p>Ce terrain de jeu devant \u00eatre <strong>pr\u00e9serv\u00e9<\/strong>, nous attacherons une grande importance \u00e0 minimiser autant que possible notre impact sur celui-ci et ses principaux occupants.<\/p>\n<\/div>\n<\/div><\/div><\/div><\/div><div id=\"pgc-3790-2-2\"  class=\"panel-grid-cell panel-grid-cell-empty\" ><\/div><\/div><\/div><div id=\"pg-3790-3\"  class=\"panel-grid panel-has-style\" ><div style=\"padding: 100px 0; \" data-overlay=\"true\" class=\"panel-row-style panel-row-style-for-3790-3\" ><div id=\"pgc-3790-3-0\"  class=\"panel-grid-cell panel-grid-cell-empty\" ><\/div><div id=\"pgc-3790-3-1\"  class=\"panel-grid-cell\" ><div id=\"panel-3790-3-1-0\" class=\"so-panel widget widget_sow-editor panel-first-child panel-last-child\" data-index=\"6\" ><div style=\"text-align: left;\" data-title-color=\"#443f3f\" data-headings-color=\"#443f3f\" class=\"panel-widget-style panel-widget-style-for-3790-3-1-0\" ><div\n\t\t\t\n\t\t\tclass=\"so-widget-sow-editor so-widget-sow-editor-base\"\n\t\t\t\n\t\t>\n<div class=\"siteorigin-widget-tinymce textwidget\">\n\t<h3 style=\"text-align: center;\">\u00a0<\/h3>\n<h3 style=\"text-align: center;\">Sujets abord\u00e9s<\/h3>\n<p>Restant totalement <strong>\u00e0 l\u2019\u00e9coute<\/strong> de mes stagiaires, voici un exemple de th\u00e8mes que nous aborderons. Libre \u00e0 vous d\u2019y rajouter les sujets de votre choix !<\/p>\n<ul>\n<li>les <strong>r\u00e9glages<\/strong> de base de l\u2019appareil et exposition (diaphragme, ISO, temps de pose, histogramme, \u2026) ;<\/li>\n<li>la gestion des <strong>lumi\u00e8res difficiles<\/strong>, les contre-jours ;<\/li>\n<li>utilisation de <strong>filtres<\/strong> <strong>d\u00e9grad\u00e9s<\/strong> pour s\u2019approcher au mieux du rendu final ;<\/li>\n<li><strong>cadrage<\/strong> et recherche de point de vue ;<\/li>\n<li>photographie de <strong>nuit<\/strong>,<strong>\u00a0<\/strong>\u00ab light painting \u00bb et poses longues ;<\/li>\n<li>responsabilit\u00e9 du photographe vis-\u00e0-vis de son <strong>environnement<\/strong>.<\/li>\n<\/ul>\n<p>\u00a0<\/p>\n<p>En plus de ces th\u00e8mes photographiques, ce stage sera \u00e9videmment l\u2019occasion d\u2019\u00e9changer dans la <strong>bonne humeur<\/strong> sur bien d\u2019autres sujets !<\/p>\n<\/div>\n<\/div><\/div><\/div><\/div><div id=\"pgc-3790-3-2\"  class=\"panel-grid-cell panel-grid-cell-mobile-last\" ><div id=\"panel-3790-3-2-0\" class=\"so-panel widget widget_sow-editor panel-first-child panel-last-child\" data-index=\"7\" ><div style=\"text-align: left;\" data-title-color=\"#443f3f\" data-headings-color=\"#443f3f\" class=\"panel-widget-style panel-widget-style-for-3790-3-2-0\" ><div\n\t\t\t\n\t\t\tclass=\"so-widget-sow-editor so-widget-sow-editor-base\"\n\t\t\t\n\t\t>\n<div class=\"siteorigin-widget-tinymce textwidget\">\n\t<h3 style=\"text-align: center;\">\u00a0<\/h3>\n<h3 style=\"text-align: center;\">D\u00e9roulement<\/h3>\n<p style=\"text-align: justify;\">Le stage se d\u00e9roulera du samedi matin 9h00 au dimanche en fin\u00a0d'apr\u00e8s-midi. Nous nous retrouverons \u00e0 B\u00e9nevise pour ensuite rejoindre le point de d\u00e9part \u00e0 15 minutes de l\u00e0. Le samedi matin sera consacr\u00e9 \u00e0 profiter des ambiances hivernales et chercher des points de vue int\u00e9ressants sur la for\u00eat qui nous entourera, ce qui nous m\u00e8nera naturellement \u00e0 la cabane o\u00f9 nous passerons la nuit. Nous rayonnerons ensuite \u00e0 partir de l\u00e0 vers diff\u00e9rents endroits pour profiter du coucher de soleil et des ambiances de fin de journ\u00e9e, et d\u00e9couvrir voire se perfectionner \u00e0 la photo de nuit. Le lendemain matin, suivant les conditions et la motivation, plusieurs points de vues sont accessibles pour voir le soleil r\u00e9chauffer les falaises de l'embl\u00e9matique Mont Aiguille...\u00a0L'organisation d\u00e9taill\u00e9e de la journ\u00e9e est \u00e9videmment d\u00e9pendante de vos souhaits \u00e0 vous mais aussi des choix que je ferai concernant l'itin\u00e9raire pour nous adapter au mieux \u00e0 la m\u00e9t\u00e9o rencontr\u00e9e le jour J.<\/p>\n<p style=\"text-align: justify;\">Les effectifs volontairement restreints du stage permettent de garantir que je suis extr\u00eamement disponible durant toute la dur\u00e9e du stage pour r\u00e9pondre \u00e0 vos questions, vos interrogations ou simplement pour avoir bien le temps de vous illustrer par des cas concrets ce que je souhaite vous transmettre.\u00a0<\/p>\n<\/div>\n<\/div><\/div><\/div><\/div><div id=\"pgc-3790-3-3\"  class=\"panel-grid-cell panel-grid-cell-empty\" ><\/div><\/div><\/div><div id=\"pg-3790-4\"  class=\"panel-grid panel-has-style\" ><div style=\"padding: 100px 0; \" data-overlay=\"true\" class=\"panel-row-style panel-row-style-for-3790-4\" ><div id=\"pgc-3790-4-0\"  class=\"panel-grid-cell panel-grid-cell-empty\" ><\/div><div id=\"pgc-3790-4-1\"  class=\"panel-grid-cell panel-grid-cell-mobile-last\" ><div id=\"panel-3790-4-1-0\" class=\"so-panel widget widget_sow-editor panel-first-child panel-last-child\" data-index=\"8\" ><div\n\t\t\t\n\t\t\tclass=\"so-widget-sow-editor so-widget-sow-editor-base\"\n\t\t\t\n\t\t>\n<div class=\"siteorigin-widget-tinymce textwidget\">\n\t<h3 style=\"text-align: center;\">\u00a0<\/h3>\n<h3 style=\"text-align: center;\">Informations compl\u00e9mentaires<\/h3>\n<p style=\"text-align: justify;\">Le tarif comprend la formation photo sur deux jours mais aussi l'encadrement montagne. Dipl\u00f4m\u00e9 d'\u00e9tat (accompagnateur en montagne) je serai en effet le garant que le stage se d\u00e9roulera dans les meilleurs conditions pour tout le monde : respect de l'environnement mais aussi respect des r\u00e8gles de s\u00e9curit\u00e9 en montagne pour \u00e9voluer en toute confiance dans ce milieu magique. Il ne comprend par contre pas les repas que vous aurez \u00e0 charge de pr\u00e9parer pour le week-end. Que ce soit pour la nourriture ou le mat\u00e9riel \u00e0 prendre ainsi que des d\u00e9tails plus pr\u00e9cis sur l'organisation, j'en discuterai \u00e9videmment personnellement avec vous et communique \u00e0 tous mes stagiaires de nombreux mails r\u00e9capitulatifs rappelant l'ensemble des informations, notamment du mat\u00e9riel \u00e0 prendre pour le confort de tous.<\/p>\n<p style=\"text-align: justify;\">\u00a0<\/p>\n<\/div>\n<\/div><\/div><\/div><div id=\"pgc-3790-4-2\"  class=\"panel-grid-cell panel-grid-cell-empty\" ><\/div><\/div><\/div><div id=\"pg-3790-5\"  class=\"panel-grid panel-has-style\" ><div style=\"padding: 100px 0; \" data-overlay=\"true\" class=\"panel-row-style panel-row-style-for-3790-5\" ><div id=\"pgc-3790-5-0\"  class=\"panel-grid-cell panel-grid-cell-empty\" ><\/div><div id=\"pgc-3790-5-1\"  class=\"panel-grid-cell panel-grid-cell-mobile-last\" ><div id=\"panel-3790-5-1-0\" class=\"so-panel widget widget_sydney_action sydney_action_widget panel-first-child panel-last-child\" data-index=\"9\" ><div class=\"panel-widget-style panel-widget-style-for-3790-5-1-0\" >        <div class=\"roll-promobox \">\r\n\t\t\t<div class=\"promo-wrap\">\r\n\t\t\t\t\t\t\t\t<div class=\"promo-content\">\r\n\t\t\t\t\t<h3 class=\"title\">Si vous \u00eates int\u00e9ress\u00e9s ou avez des questions, n'attendez plus ! Je r\u00e9pondrai avec plaisir \u00e0 vos interrogations concernant ce stage.<\/h3>\r\n\t\t\t\t<\/div>\r\n\t\t\t\t\t\t\t\t<div class=\"promo-controls\">\r\n\t\t\t\t\t<a href=\"http:\/\/souvenirsdaltitude.fr\/wordpress\/contact\" class=\"roll-button border\">Contactez-moi<\/a>\r\n\t\t\t\t<\/div>\r\n\t\t\t<\/div>\r\n        <\/div>\r\n\t<\/div><\/div><\/div><div id=\"pgc-3790-5-2\"  class=\"panel-grid-cell panel-grid-cell-empty\" ><\/div><\/div><\/div><\/div>","protected":false},"excerpt":{"rendered":"<p>\u00a0 Niveau : de d\u00e9butant \u00e0 confirm\u00e9. Dates\u00a0: 21-22 janvier ou 11-12 f\u00e9vrier 2017. Effectifs\u00a0: de 4 \u00e0 6 personnes. \u00a0Tarif : 270\u00a0euros.<\/p>\n","protected":false},"author":2,"featured_media":0,"parent":0,"menu_order":0,"comment_status":"closed","ping_status":"closed","template":"page-templates\/page_fullwidth.php","meta":[],"jetpack_sharing_enabled":true,"_links":{"self":[{"href":"https:\/\/souvenirsdaltitude.fr\/wordpress\/wp-json\/wp\/v2\/pages\/3790"}],"collection":[{"href":"https:\/\/souvenirsdaltitude.fr\/wordpress\/wp-json\/wp\/v2\/pages"}],"about":[{"href":"https:\/\/souvenirsdaltitude.fr\/wordpress\/wp-json\/wp\/v2\/types\/page"}],"author":[{"embeddable":true,"href":"https:\/\/souvenirsdaltitude.fr\/wordpress\/wp-json\/wp\/v2\/users\/2"}],"replies":[{"embeddable":true,"href":"https:\/\/souvenirsdaltitude.fr\/wordpress\/wp-json\/wp\/v2\/comments?post=3790"}],"version-history":[{"count":0,"href":"https:\/\/souvenirsdaltitude.fr\/wordpress\/wp-json\/wp\/v2\/pages\/3790\/revisions"}],"wp:attachment":[{"href":"https:\/\/souvenirsdaltitude.fr\/wordpress\/wp-json\/wp\/v2\/media?parent=3790"}],"curies":[{"name":"wp","href":"https:\/\/api.w.org\/{rel}","templated":true}]}}