{"id":3706,"date":"2016-09-06T12:22:06","date_gmt":"2016-09-06T12:22:06","guid":{"rendered":"http:\/\/souvenirsdaltitude.fr\/wordpress\/?page_id=3706"},"modified":"2017-08-15T14:58:43","modified_gmt":"2017-08-15T14:58:43","slug":"stage-photo-alpes-automnales","status":"publish","type":"page","link":"https:\/\/souvenirsdaltitude.fr\/wordpress\/stage-photo-alpes-automnales\/","title":{"rendered":"Stage photo Alpes automnales"},"content":{"rendered":"<div id=\"pl-3706\"  class=\"panel-layout\" ><div id=\"pg-3706-0\"  class=\"panel-grid panel-has-style\" ><div style=\"padding: 100px 0; \" data-overlay=\"true\" class=\"panel-row-style panel-row-style-for-3706-0\" ><div id=\"pgc-3706-0-0\"  class=\"panel-grid-cell panel-grid-cell-empty\" ><\/div><div id=\"pgc-3706-0-1\"  class=\"panel-grid-cell panel-grid-cell-mobile-last\" ><div id=\"panel-3706-0-1-0\" class=\"so-panel widget widget_sow-editor panel-first-child panel-last-child\" data-index=\"0\" ><div\n\t\t\t\n\t\t\tclass=\"so-widget-sow-editor so-widget-sow-editor-base\"\n\t\t\t\n\t\t>\n<div class=\"siteorigin-widget-tinymce textwidget\">\n\t<div class=\"tiled-gallery type-rectangular tiled-gallery-unresized\" data-original-width=\"8000\" data-carousel-extra='{&quot;blog_id&quot;:1,&quot;permalink&quot;:&quot;https:\\\/\\\/souvenirsdaltitude.fr\\\/wordpress\\\/stage-photo-alpes-automnales\\\/&quot;,&quot;likes_blog_id&quot;:110145678}' itemscope itemtype=\"http:\/\/schema.org\/ImageGallery\" > <div class=\"gallery-row\" style=\"width: 8000px; height: 2800px;\" data-original-width=\"8000\" data-original-height=\"2800\" > <div class=\"gallery-group images-2\" style=\"width: 3354px; height: 2800px;\" data-original-width=\"3354\" data-original-height=\"2800\" > <div class=\"tiled-gallery-item tiled-gallery-item-large\" itemprop=\"associatedMedia\" itemscope itemtype=\"http:\/\/schema.org\/ImageObject\"> <a href=\"https:\/\/souvenirsdaltitude.fr\/wordpress\/panoramiques\/claree_dsc1074-pano_20151020_07_18_06-2_1400-6\/\" border=\"0\" itemprop=\"url\"> <meta itemprop=\"width\" content=\"3350\"> <meta itemprop=\"height\" content=\"1117\"> <img data-attachment-id=\"3042\" data-orig-file=\"https:\/\/souvenirsdaltitude.fr\/wordpress\/wp-content\/uploads\/2016\/04\/claree_DSC1074-Pano_20151020_07_18_06-2_1400-2.jpg\" data-orig-size=\"1400,467\" data-comments-opened=\"\" data-image-meta=\"{&quot;aperture&quot;:&quot;11&quot;,&quot;credit&quot;:&quot;Benjamin Orgogozo&quot;,&quot;camera&quot;:&quot;NIKON D800&quot;,&quot;caption&quot;:&quot;&quot;,&quot;created_timestamp&quot;:&quot;1445325288&quot;,&quot;copyright&quot;:&quot;&quot;,&quot;focal_length&quot;:&quot;35&quot;,&quot;iso&quot;:&quot;1000&quot;,&quot;shutter_speed&quot;:&quot;30&quot;,&quot;title&quot;:&quot;&quot;,&quot;orientation&quot;:&quot;0&quot;}\" data-image-title=\"\" data-image-description=\"\" data-medium-file=\"https:\/\/i0.wp.com\/souvenirsdaltitude.fr\/wordpress\/wp-content\/uploads\/2016\/04\/claree_DSC1074-Pano_20151020_07_18_06-2_1400-2.jpg?fit=300%2C100&#038;ssl=1\" data-large-file=\"https:\/\/i0.wp.com\/souvenirsdaltitude.fr\/wordpress\/wp-content\/uploads\/2016\/04\/claree_DSC1074-Pano_20151020_07_18_06-2_1400-2.jpg?fit=1024%2C342&#038;ssl=1\" src=\"https:\/\/i0.wp.com\/souvenirsdaltitude.fr\/wordpress\/wp-content\/uploads\/2016\/04\/claree_DSC1074-Pano_20151020_07_18_06-2_1400-2.jpg?w=3350&#038;h=1117&#038;ssl=1\" width=\"3350\" height=\"1117\" data-original-width=\"3350\" data-original-height=\"1117\" itemprop=\"http:\/\/schema.org\/image\" title=\"\" alt=\"Stages photos Alpes\" style=\"width: 3350px; height: 1117px;\" \/> <\/a> <\/div> <div class=\"tiled-gallery-item tiled-gallery-item-large\" itemprop=\"associatedMedia\" itemscope itemtype=\"http:\/\/schema.org\/ImageObject\"> <a href=\"https:\/\/souvenirsdaltitude.fr\/wordpress\/panoramiques\/claree_dsc0967-pano_20151019_12_46_41_1400-4\/\" border=\"0\" itemprop=\"url\"> <meta itemprop=\"width\" content=\"3350\"> <meta itemprop=\"height\" content=\"1675\"> <img data-attachment-id=\"3041\" data-orig-file=\"https:\/\/souvenirsdaltitude.fr\/wordpress\/wp-content\/uploads\/2016\/04\/claree_DSC0967-Pano_20151019_12_46_41_1400-1.jpg\" data-orig-size=\"1400,700\" data-comments-opened=\"\" data-image-meta=\"{&quot;aperture&quot;:&quot;5&quot;,&quot;credit&quot;:&quot;Benjamin Orgogozo&quot;,&quot;camera&quot;:&quot;NIKON D800&quot;,&quot;caption&quot;:&quot;&quot;,&quot;created_timestamp&quot;:&quot;1445258801&quot;,&quot;copyright&quot;:&quot;&quot;,&quot;focal_length&quot;:&quot;300&quot;,&quot;iso&quot;:&quot;160&quot;,&quot;shutter_speed&quot;:&quot;0.002&quot;,&quot;title&quot;:&quot;&quot;,&quot;orientation&quot;:&quot;0&quot;}\" data-image-title=\"\" data-image-description=\"\" data-medium-file=\"https:\/\/i0.wp.com\/souvenirsdaltitude.fr\/wordpress\/wp-content\/uploads\/2016\/04\/claree_DSC0967-Pano_20151019_12_46_41_1400-1.jpg?fit=300%2C150&#038;ssl=1\" data-large-file=\"https:\/\/i0.wp.com\/souvenirsdaltitude.fr\/wordpress\/wp-content\/uploads\/2016\/04\/claree_DSC0967-Pano_20151019_12_46_41_1400-1.jpg?fit=1024%2C512&#038;ssl=1\" src=\"https:\/\/i0.wp.com\/souvenirsdaltitude.fr\/wordpress\/wp-content\/uploads\/2016\/04\/claree_DSC0967-Pano_20151019_12_46_41_1400-1.jpg?w=3350&#038;h=1675&#038;ssl=1\" width=\"3350\" height=\"1675\" data-original-width=\"3350\" data-original-height=\"1675\" itemprop=\"http:\/\/schema.org\/image\" title=\"\" alt=\"Stages photos Alpes\" style=\"width: 3350px; height: 1675px;\" \/> <\/a> <\/div> <\/div> <!-- close group --> <div class=\"gallery-group images-2\" style=\"width: 3354px; height: 2800px;\" data-original-width=\"3354\" data-original-height=\"2800\" > <div class=\"tiled-gallery-item tiled-gallery-item-large\" itemprop=\"associatedMedia\" itemscope itemtype=\"http:\/\/schema.org\/ImageObject\"> <a href=\"https:\/\/souvenirsdaltitude.fr\/wordpress\/stage-photo-alpes-automnales\/claree_dsc0938-pano_1400\/\" border=\"0\" itemprop=\"url\"> <meta itemprop=\"width\" content=\"3350\"> <meta itemprop=\"height\" content=\"1675\"> <img data-attachment-id=\"3708\" data-orig-file=\"https:\/\/souvenirsdaltitude.fr\/wordpress\/wp-content\/uploads\/2016\/09\/claree_DSC0938-Pano_1400.jpg\" data-orig-size=\"1400,700\" data-comments-opened=\"\" data-image-meta=\"{&quot;aperture&quot;:&quot;5&quot;,&quot;credit&quot;:&quot;Benjamin Orgogozo&quot;,&quot;camera&quot;:&quot;NIKON D800&quot;,&quot;caption&quot;:&quot;&quot;,&quot;created_timestamp&quot;:&quot;1445257701&quot;,&quot;copyright&quot;:&quot;&quot;,&quot;focal_length&quot;:&quot;300&quot;,&quot;iso&quot;:&quot;160&quot;,&quot;shutter_speed&quot;:&quot;0.004&quot;,&quot;title&quot;:&quot;&quot;,&quot;orientation&quot;:&quot;0&quot;}\" data-image-title=\"claree_DSC0938-Pano_1400\" data-image-description=\"\" data-medium-file=\"https:\/\/i0.wp.com\/souvenirsdaltitude.fr\/wordpress\/wp-content\/uploads\/2016\/09\/claree_DSC0938-Pano_1400.jpg?fit=300%2C150&#038;ssl=1\" data-large-file=\"https:\/\/i0.wp.com\/souvenirsdaltitude.fr\/wordpress\/wp-content\/uploads\/2016\/09\/claree_DSC0938-Pano_1400.jpg?fit=1024%2C512&#038;ssl=1\" src=\"https:\/\/i0.wp.com\/souvenirsdaltitude.fr\/wordpress\/wp-content\/uploads\/2016\/09\/claree_DSC0938-Pano_1400.jpg?w=3350&#038;h=1675&#038;ssl=1\" width=\"3350\" height=\"1675\" data-original-width=\"3350\" data-original-height=\"1675\" itemprop=\"http:\/\/schema.org\/image\" title=\"claree_DSC0938-Pano_1400\" alt=\"claree_DSC0938-Pano_1400\" style=\"width: 3350px; height: 1675px;\" \/> <\/a> <\/div> <div class=\"tiled-gallery-item tiled-gallery-item-large\" itemprop=\"associatedMedia\" itemscope itemtype=\"http:\/\/schema.org\/ImageObject\"> <a href=\"https:\/\/souvenirsdaltitude.fr\/wordpress\/stage-photo-alpes-automnales\/claree_dsc1082-pano_1400\/\" border=\"0\" itemprop=\"url\"> <meta itemprop=\"width\" content=\"3350\"> <meta itemprop=\"height\" content=\"1117\"> <img data-attachment-id=\"3709\" data-orig-file=\"https:\/\/souvenirsdaltitude.fr\/wordpress\/wp-content\/uploads\/2016\/09\/claree_DSC1082-Pano_1400.jpg\" data-orig-size=\"1400,467\" data-comments-opened=\"\" data-image-meta=\"{&quot;aperture&quot;:&quot;6.3&quot;,&quot;credit&quot;:&quot;Benjamin Orgogozo&quot;,&quot;camera&quot;:&quot;NIKON D800&quot;,&quot;caption&quot;:&quot;&quot;,&quot;created_timestamp&quot;:&quot;1445326035&quot;,&quot;copyright&quot;:&quot;&quot;,&quot;focal_length&quot;:&quot;300&quot;,&quot;iso&quot;:&quot;100&quot;,&quot;shutter_speed&quot;:&quot;5&quot;,&quot;title&quot;:&quot;&quot;,&quot;orientation&quot;:&quot;0&quot;}\" data-image-title=\"claree_DSC1082-Pano_1400\" data-image-description=\"\" data-medium-file=\"https:\/\/i0.wp.com\/souvenirsdaltitude.fr\/wordpress\/wp-content\/uploads\/2016\/09\/claree_DSC1082-Pano_1400.jpg?fit=300%2C100&#038;ssl=1\" data-large-file=\"https:\/\/i0.wp.com\/souvenirsdaltitude.fr\/wordpress\/wp-content\/uploads\/2016\/09\/claree_DSC1082-Pano_1400.jpg?fit=1024%2C342&#038;ssl=1\" src=\"https:\/\/i0.wp.com\/souvenirsdaltitude.fr\/wordpress\/wp-content\/uploads\/2016\/09\/claree_DSC1082-Pano_1400.jpg?w=3350&#038;h=1117&#038;ssl=1\" width=\"3350\" height=\"1117\" data-original-width=\"3350\" data-original-height=\"1117\" itemprop=\"http:\/\/schema.org\/image\" title=\"claree_DSC1082-Pano_1400\" alt=\"claree_DSC1082-Pano_1400\" style=\"width: 3350px; height: 1117px;\" \/> <\/a> <\/div> <\/div> <!-- close group --> <div class=\"gallery-group images-2\" style=\"width: 1292px; height: 2800px;\" data-original-width=\"1292\" data-original-height=\"2800\" > <div class=\"tiled-gallery-item tiled-gallery-item-large\" itemprop=\"associatedMedia\" itemscope itemtype=\"http:\/\/schema.org\/ImageObject\"> <a href=\"https:\/\/souvenirsdaltitude.fr\/wordpress\/stage-photo-alpes-automnales\/claree_dsc0925_1400\/\" border=\"0\" itemprop=\"url\"> <meta itemprop=\"width\" content=\"1288\"> <meta itemprop=\"height\" content=\"859\"> <img data-attachment-id=\"3710\" data-orig-file=\"https:\/\/souvenirsdaltitude.fr\/wordpress\/wp-content\/uploads\/2016\/09\/claree_DSC0925_1400.jpg\" data-orig-size=\"1400,933\" data-comments-opened=\"\" data-image-meta=\"{&quot;aperture&quot;:&quot;16&quot;,&quot;credit&quot;:&quot;Benjamin Orgogozo&quot;,&quot;camera&quot;:&quot;NIKON D800&quot;,&quot;caption&quot;:&quot;&quot;,&quot;created_timestamp&quot;:&quot;1445256382&quot;,&quot;copyright&quot;:&quot;&quot;,&quot;focal_length&quot;:&quot;20&quot;,&quot;iso&quot;:&quot;100&quot;,&quot;shutter_speed&quot;:&quot;2.5&quot;,&quot;title&quot;:&quot;&quot;,&quot;orientation&quot;:&quot;0&quot;}\" data-image-title=\"claree_DSC0925_1400\" data-image-description=\"\" data-medium-file=\"https:\/\/i0.wp.com\/souvenirsdaltitude.fr\/wordpress\/wp-content\/uploads\/2016\/09\/claree_DSC0925_1400.jpg?fit=300%2C200&#038;ssl=1\" data-large-file=\"https:\/\/i0.wp.com\/souvenirsdaltitude.fr\/wordpress\/wp-content\/uploads\/2016\/09\/claree_DSC0925_1400.jpg?fit=1024%2C682&#038;ssl=1\" src=\"https:\/\/i0.wp.com\/souvenirsdaltitude.fr\/wordpress\/wp-content\/uploads\/2016\/09\/claree_DSC0925_1400.jpg?w=1288&#038;h=859&#038;ssl=1\" width=\"1288\" height=\"859\" data-original-width=\"1288\" data-original-height=\"859\" itemprop=\"http:\/\/schema.org\/image\" title=\"claree_DSC0925_1400\" alt=\"claree_DSC0925_1400\" style=\"width: 1288px; height: 859px;\" \/> <\/a> <\/div> <div class=\"tiled-gallery-item tiled-gallery-item-large\" itemprop=\"associatedMedia\" itemscope itemtype=\"http:\/\/schema.org\/ImageObject\"> <a href=\"https:\/\/souvenirsdaltitude.fr\/wordpress\/stage-photo-alpes-automnales\/claree_dsc1157_1400\/\" border=\"0\" itemprop=\"url\"> <meta itemprop=\"width\" content=\"1288\"> <meta itemprop=\"height\" content=\"1933\"> <img data-attachment-id=\"3713\" data-orig-file=\"https:\/\/souvenirsdaltitude.fr\/wordpress\/wp-content\/uploads\/2016\/09\/claree_DSC1157_1400.jpg\" data-orig-size=\"933,1400\" data-comments-opened=\"\" data-image-meta=\"{&quot;aperture&quot;:&quot;20&quot;,&quot;credit&quot;:&quot;Benjamin Orgogozo&quot;,&quot;camera&quot;:&quot;NIKON D800&quot;,&quot;caption&quot;:&quot;&quot;,&quot;created_timestamp&quot;:&quot;1445340050&quot;,&quot;copyright&quot;:&quot;&quot;,&quot;focal_length&quot;:&quot;200&quot;,&quot;iso&quot;:&quot;50&quot;,&quot;shutter_speed&quot;:&quot;1&quot;,&quot;title&quot;:&quot;&quot;,&quot;orientation&quot;:&quot;0&quot;}\" data-image-title=\"claree_DSC1157_1400\" data-image-description=\"\" data-medium-file=\"https:\/\/i0.wp.com\/souvenirsdaltitude.fr\/wordpress\/wp-content\/uploads\/2016\/09\/claree_DSC1157_1400.jpg?fit=200%2C300&#038;ssl=1\" data-large-file=\"https:\/\/i0.wp.com\/souvenirsdaltitude.fr\/wordpress\/wp-content\/uploads\/2016\/09\/claree_DSC1157_1400.jpg?fit=682%2C1024&#038;ssl=1\" src=\"https:\/\/i0.wp.com\/souvenirsdaltitude.fr\/wordpress\/wp-content\/uploads\/2016\/09\/claree_DSC1157_1400.jpg?w=1288&#038;h=1933&#038;ssl=1\" width=\"1288\" height=\"1933\" data-original-width=\"1288\" data-original-height=\"1933\" itemprop=\"http:\/\/schema.org\/image\" title=\"claree_DSC1157_1400\" alt=\"claree_DSC1157_1400\" style=\"width: 1288px; height: 1933px;\" \/> <\/a> <\/div> <\/div> <!-- close group --> <\/div> <!-- close row --> <\/div>\n<p>\u00a0<\/p>\n<p>\u00a0<\/p>\n<\/div>\n<\/div><\/div><\/div><div id=\"pgc-3706-0-2\"  class=\"panel-grid-cell panel-grid-cell-empty\" ><\/div><\/div><\/div><div id=\"pg-3706-1\"  class=\"panel-grid panel-has-style\" ><div style=\"padding: 100px 0; \" data-overlay=\"true\" class=\"panel-row-style panel-row-style-for-3706-1\" ><div id=\"pgc-3706-1-0\"  class=\"panel-grid-cell panel-grid-cell-empty\" ><\/div><div id=\"pgc-3706-1-1\"  class=\"panel-grid-cell\" ><div id=\"panel-3706-1-1-0\" class=\"so-panel widget widget_sow-editor panel-first-child panel-last-child\" data-index=\"1\" ><div\n\t\t\t\n\t\t\tclass=\"so-widget-sow-editor so-widget-sow-editor-base\"\n\t\t\t\n\t\t>\n<div class=\"siteorigin-widget-tinymce textwidget\">\n\t<p style=\"text-align: center;\"><strong>Niveau<\/strong> : de d\u00e9butant \u00e0 confirm\u00e9.<\/p>\n<\/div>\n<\/div><\/div><\/div><div id=\"pgc-3706-1-2\"  class=\"panel-grid-cell\" ><div id=\"panel-3706-1-2-0\" class=\"so-panel widget widget_sow-editor panel-first-child panel-last-child\" data-index=\"2\" ><div style=\"text-align: left;\" data-title-color=\"#443f3f\" data-headings-color=\"#443f3f\" class=\"panel-widget-style panel-widget-style-for-3706-1-2-0\" ><div\n\t\t\t\n\t\t\tclass=\"so-widget-sow-editor so-widget-sow-editor-base\"\n\t\t\t\n\t\t>\n<div class=\"siteorigin-widget-tinymce textwidget\">\n\t<p style=\"text-align: center;\"><strong>Dates<\/strong>\u00a0: du 20\u00a0(soir) au 22\u00a0octobre (fin d'apr\u00e8s-midi)\u00a02017.<\/p>\n<\/div>\n<\/div><\/div><\/div><\/div><div id=\"pgc-3706-1-3\"  class=\"panel-grid-cell\" ><div id=\"panel-3706-1-3-0\" class=\"so-panel widget widget_sow-editor panel-first-child panel-last-child\" data-index=\"3\" ><div\n\t\t\t\n\t\t\tclass=\"so-widget-sow-editor so-widget-sow-editor-base\"\n\t\t\t\n\t\t>\n<div class=\"siteorigin-widget-tinymce textwidget\">\n\t<p style=\"text-align: center;\"><strong>Effectifs<\/strong>\u00a0: de 4 \u00e0 6 personnes.<\/p>\n<\/div>\n<\/div><\/div><\/div><div id=\"pgc-3706-1-4\"  class=\"panel-grid-cell panel-grid-cell-mobile-last\" ><div id=\"panel-3706-1-4-0\" class=\"so-panel widget widget_sow-editor panel-first-child panel-last-child\" data-index=\"4\" ><div\n\t\t\t\n\t\t\tclass=\"so-widget-sow-editor so-widget-sow-editor-base\"\n\t\t\t\n\t\t>\n<div class=\"siteorigin-widget-tinymce textwidget\">\n\t<p style=\"text-align: center;\">\u00a0<strong>Tarif<\/strong> : 270\u00a0euros.<\/p>\n<\/div>\n<\/div><\/div><\/div><div id=\"pgc-3706-1-5\"  class=\"panel-grid-cell panel-grid-cell-empty\" ><\/div><\/div><\/div><div id=\"pg-3706-2\"  class=\"panel-grid panel-has-style\" ><div style=\"padding: 100px 0; \" data-overlay=\"true\" class=\"panel-row-style panel-row-style-for-3706-2\" ><div id=\"pgc-3706-2-0\"  class=\"panel-grid-cell panel-grid-cell-empty\" ><\/div><div id=\"pgc-3706-2-1\"  class=\"panel-grid-cell panel-grid-cell-mobile-last\" ><div id=\"panel-3706-2-1-0\" class=\"so-panel widget widget_sow-editor panel-first-child panel-last-child\" data-index=\"5\" ><div style=\"text-align: left;\" data-title-color=\"#443f3f\" data-headings-color=\"#443f3f\" class=\"panel-widget-style panel-widget-style-for-3706-2-1-0\" ><div\n\t\t\t\n\t\t\tclass=\"so-widget-sow-editor so-widget-sow-editor-base\"\n\t\t\t\n\t\t>\n<div class=\"siteorigin-widget-tinymce textwidget\">\n\t<p style=\"text-align: justify;\">\u00a0<\/p>\n<p style=\"text-align: justify;\">Ce stage vous m\u00e8nera au c\u0153ur de la <strong>vall\u00e9e de la Clar\u00e9e<\/strong>. Situ\u00e9e au nord des Hautes-Alpes, non loin du col du Galibier, celle-ci\u00a0devient un v\u00e9ritable paradis en automne : les lumi\u00e8res se font plus douces, les premi\u00e8res neiges comencent \u00e0 appara\u00eetre sur les sommets, les for\u00eats de m\u00e9l\u00e8zes se parent progressivement de leur couleur d'or, comme une derni\u00e8re repr\u00e9sentation avant l'inexorable arriv\u00e9e de l'hiver...\u00a0C'est dans ce d\u00e9cor d'exception que nous \u00e9voluerons pendant deux jours avec notamment un bivouac en immersion ! Lacs, torrents, cascades et for\u00eats seront pendant tout ce temps notre terrain de jeu pour apprendre ou parfaire les techniques que je vous enseignerai durant ces deux jours. N\u00e9anmoins, m\u00eame si nous aborderons \u00e9videmment les <strong>aspects techniques<\/strong> indispensables, ce stage a pour but de vous amener vers l\u2019autonomie quant \u00e0 votre pratique de la photo : il sera alors aussi l'occasion\u00a0pour vous l\u2019occasion de r\u00e9fl\u00e9chir au type d\u2019images que vous souhaitez faire et \u00e0 votre <strong>approche\u00a0personnelle<\/strong> de la photographie de paysage.<\/p>\n<p>Ce terrain de jeu devant \u00eatre <strong>pr\u00e9serv\u00e9<\/strong>, nous attacherons une grande importance \u00e0 minimiser autant que possible notre impact sur celui-ci et ses principaux occupants (\u00e0 savoir, la faune et la flore alpine).<\/p>\n<\/div>\n<\/div><\/div><\/div><\/div><div id=\"pgc-3706-2-2\"  class=\"panel-grid-cell panel-grid-cell-empty\" ><\/div><\/div><\/div><div id=\"pg-3706-3\"  class=\"panel-grid panel-has-style\" ><div style=\"padding: 100px 0; \" data-overlay=\"true\" class=\"panel-row-style panel-row-style-for-3706-3\" ><div id=\"pgc-3706-3-0\"  class=\"panel-grid-cell panel-grid-cell-empty\" ><\/div><div id=\"pgc-3706-3-1\"  class=\"panel-grid-cell\" ><div id=\"panel-3706-3-1-0\" class=\"so-panel widget widget_sow-editor panel-first-child panel-last-child\" data-index=\"6\" ><div\n\t\t\t\n\t\t\tclass=\"so-widget-sow-editor so-widget-sow-editor-base\"\n\t\t\t\n\t\t>\n<div class=\"siteorigin-widget-tinymce textwidget\">\n\t<h3 style=\"text-align: center;\">\u00a0<\/h3>\n<h3 style=\"text-align: center;\">Sujets abord\u00e9s<\/h3>\n<p>Restant totalement <strong>\u00e0 l\u2019\u00e9coute<\/strong> de mes stagiaires, voici un exemple de th\u00e8mes que nous aborderons. Libre \u00e0 vous d\u2019y rajouter les sujets de votre choix !<\/p>\n<ul>\n<li>les <strong>r\u00e9glages<\/strong> de base de l\u2019appareil et exposition (diaphragme, ISO, temps de pose, histogramme, \u2026) ;<\/li>\n<li>la gestion des <strong>lumi\u00e8res difficiles<\/strong>, les contre-jours ;<\/li>\n<li>utilisation de <strong>filtres<\/strong> <strong>d\u00e9grad\u00e9s<\/strong> pour s\u2019approcher au mieux du rendu final ;<\/li>\n<li>utilisation du <strong>filtre polarisant<\/strong> pour davantage faire ressortir la flamboyance des couleurs d'automne ;<\/li>\n<li>poses longues et leurs effets ;<\/li>\n<li><strong>cadrage<\/strong> et recherche de point de vue ;<\/li>\n<li>photographie de <strong>nuit<\/strong> et \u00ab light painting \u00bb ;<\/li>\n<li>responsabilit\u00e9 du photographe vis-\u00e0-vis de son <strong>environnement<\/strong>.<\/li>\n<\/ul>\n<p>\u00a0<\/p>\n<p>En plus de ces th\u00e8mes photographiques, ce stage sera \u00e9videmment l\u2019occasion d\u2019\u00e9changer dans la <strong>bonne humeur<\/strong> sur bien d\u2019autres sujets !<\/p>\n<\/div>\n<\/div><\/div><\/div><div id=\"pgc-3706-3-2\"  class=\"panel-grid-cell panel-grid-cell-mobile-last\" ><div id=\"panel-3706-3-2-0\" class=\"so-panel widget widget_sow-editor panel-first-child panel-last-child\" data-index=\"7\" ><div style=\"text-align: left;\" data-title-color=\"#443f3f\" data-headings-color=\"#443f3f\" class=\"panel-widget-style panel-widget-style-for-3706-3-2-0\" ><div\n\t\t\t\n\t\t\tclass=\"so-widget-sow-editor so-widget-sow-editor-base\"\n\t\t\t\n\t\t>\n<div class=\"siteorigin-widget-tinymce textwidget\">\n\t<h3 style=\"text-align: center;\">\u00a0<\/h3>\n<h3 style=\"text-align: center;\">D\u00e9roulement<\/h3>\n<p style=\"text-align: justify;\">Le stage se d\u00e9roulera du vendredi soir\u00a0au dimanche en fin\u00a0d'apr\u00e8s-midi. Le vendredi soir sera consacr\u00e9 \u00e0 faire connaissance et \u00e9changer sur vos pratiques de la photo et commencer lentement \u00e0 introduire les sujets techniques que nous aborderons autour d'un bon repas. Pour ceux ne pouvant se rendre sur place le vendredi soir, il est possible de se rejoindre le samedi matin \u00e0 9h00. Dans les deux cas le rendez-vous aura lieu \u00e0 N\u00e9v\u00e2che. Le samedi matin sera consacr\u00e9 \u00e0 profiter des ambiances automnales des for\u00eats pour ensuite rejoindre le lac o\u00f9 nous passeront la nuit du samedi. Apr\u00e8s avoir install\u00e9 les tentes, il sera alors temps\u00a0de profiter des ambiances de fin de journ\u00e9e, de manger dans la bonne humeur et enfin de d\u00e9couvrir voire se perfectionner \u00e0 la photo de nuit pour les plus courageux ou faire une analyse des images prises pendant la journ\u00e9e. L'organisation d\u00e9taill\u00e9e de la journ\u00e9e est \u00e9videmment d\u00e9pendante de vos souhaits \u00e0 vous mais aussi des choix que je ferai concernant l'itin\u00e9raire pour nous adapter au mieux \u00e0 la m\u00e9t\u00e9o rencontr\u00e9e le jour J.<\/p>\n<p style=\"text-align: justify;\">Les effectifs volontairement restreints du stage permettent de garantir que je suis extr\u00eamement disponible durant toute la dur\u00e9e du stage pour r\u00e9pondre \u00e0 vos questions, vos interrogations ou simplement pour avoir bien le temps de vous illustrer par des cas concrets ce que je souhaite vous transmettre.\u00a0<\/p>\n<\/div>\n<\/div><\/div><\/div><\/div><div id=\"pgc-3706-3-3\"  class=\"panel-grid-cell panel-grid-cell-empty\" ><\/div><\/div><\/div><div id=\"pg-3706-4\"  class=\"panel-grid panel-has-style\" ><div style=\"padding: 100px 0; \" data-overlay=\"true\" class=\"panel-row-style panel-row-style-for-3706-4\" ><div id=\"pgc-3706-4-0\"  class=\"panel-grid-cell panel-grid-cell-empty\" ><\/div><div id=\"pgc-3706-4-1\"  class=\"panel-grid-cell panel-grid-cell-mobile-last\" ><div id=\"panel-3706-4-1-0\" class=\"so-panel widget widget_sow-editor panel-first-child panel-last-child\" data-index=\"8\" ><div\n\t\t\t\n\t\t\tclass=\"so-widget-sow-editor so-widget-sow-editor-base\"\n\t\t\t\n\t\t>\n<div class=\"siteorigin-widget-tinymce textwidget\">\n\t<h3 style=\"text-align: center;\">\u00a0<\/h3>\n<h3 style=\"text-align: center;\">Informations compl\u00e9mentaires<\/h3>\n<p style=\"text-align: justify;\">Le tarif comprend la formation photo sur deux jours mais aussi l'encadrement montagne. Dipl\u00f4m\u00e9 d'\u00e9tat (accompagnateur en montagne) je serai en effet le garant que le stage se d\u00e9roulera dans les meilleurs conditions pour tout le monde : respect de l'environnement mais aussi respect des r\u00e8gles de s\u00e9curit\u00e9 en montagne pour \u00e9voluer en toute confiance dans ce milieu magique. Il ne comprend par contre pas les repas que vous aurez \u00e0 charge de pr\u00e9parer pour le week-end. Que ce soit pour la nourriture ou le mat\u00e9riel \u00e0 prendre ainsi que des d\u00e9tails plus pr\u00e9cis sur l'organisation, j'en discuterai \u00e9videmment personnellement avec vous et communique \u00e0 tous mes stagiaires de nombreux mails r\u00e9capitulatifs rappelant l'ensemble des informations, notamment du mat\u00e9riel \u00e0 prendre pour le confort de tous.<\/p>\n<p style=\"text-align: justify;\">\u00a0<\/p>\n<\/div>\n<\/div><\/div><\/div><div id=\"pgc-3706-4-2\"  class=\"panel-grid-cell panel-grid-cell-empty\" ><\/div><\/div><\/div><div id=\"pg-3706-5\"  class=\"panel-grid panel-has-style\" ><div style=\"padding: 100px 0; \" data-overlay=\"true\" class=\"panel-row-style panel-row-style-for-3706-5\" ><div id=\"pgc-3706-5-0\"  class=\"panel-grid-cell panel-grid-cell-empty\" ><\/div><div id=\"pgc-3706-5-1\"  class=\"panel-grid-cell panel-grid-cell-mobile-last\" ><div id=\"panel-3706-5-1-0\" class=\"so-panel widget widget_sydney_action sydney_action_widget panel-first-child panel-last-child\" data-index=\"9\" ><div class=\"panel-widget-style panel-widget-style-for-3706-5-1-0\" >        <div class=\"roll-promobox \">\r\n\t\t\t<div class=\"promo-wrap\">\r\n\t\t\t\t\t\t\t\t<div class=\"promo-content\">\r\n\t\t\t\t\t<h3 class=\"title\">Si vous \u00eates int\u00e9ress\u00e9s ou avez des questions, n'attendez plus ! Je r\u00e9pondrai avec plaisir \u00e0 vos interrogations concernant ce stage.<\/h3>\r\n\t\t\t\t<\/div>\r\n\t\t\t\t\t\t\t\t<div class=\"promo-controls\">\r\n\t\t\t\t\t<a href=\"http:\/\/souvenirsdaltitude.fr\/wordpress\/contact\" class=\"roll-button border\">Contactez-moi<\/a>\r\n\t\t\t\t<\/div>\r\n\t\t\t<\/div>\r\n        <\/div>\r\n\t<\/div><\/div><\/div><div id=\"pgc-3706-5-2\"  class=\"panel-grid-cell panel-grid-cell-empty\" ><\/div><\/div><\/div><\/div>","protected":false},"excerpt":{"rendered":"<p>\u00a0\u00a0 Niveau : de d\u00e9butant \u00e0 confirm\u00e9. Dates\u00a0: du 20\u00a0(soir) au 22\u00a0octobre (fin d&rsquo;apr\u00e8s-midi)\u00a02017. Effectifs\u00a0: de 4 \u00e0 6 personnes. \u00a0Tarif : 270\u00a0euros.<\/p>\n","protected":false},"author":2,"featured_media":0,"parent":0,"menu_order":0,"comment_status":"closed","ping_status":"closed","template":"page-templates\/page_fullwidth.php","meta":[],"jetpack_sharing_enabled":true,"_links":{"self":[{"href":"https:\/\/souvenirsdaltitude.fr\/wordpress\/wp-json\/wp\/v2\/pages\/3706"}],"collection":[{"href":"https:\/\/souvenirsdaltitude.fr\/wordpress\/wp-json\/wp\/v2\/pages"}],"about":[{"href":"https:\/\/souvenirsdaltitude.fr\/wordpress\/wp-json\/wp\/v2\/types\/page"}],"author":[{"embeddable":true,"href":"https:\/\/souvenirsdaltitude.fr\/wordpress\/wp-json\/wp\/v2\/users\/2"}],"replies":[{"embeddable":true,"href":"https:\/\/souvenirsdaltitude.fr\/wordpress\/wp-json\/wp\/v2\/comments?post=3706"}],"version-history":[{"count":0,"href":"https:\/\/souvenirsdaltitude.fr\/wordpress\/wp-json\/wp\/v2\/pages\/3706\/revisions"}],"wp:attachment":[{"href":"https:\/\/souvenirsdaltitude.fr\/wordpress\/wp-json\/wp\/v2\/media?parent=3706"}],"curies":[{"name":"wp","href":"https:\/\/api.w.org\/{rel}","templated":true}]}}