{"id":3413,"date":"2016-05-18T06:27:00","date_gmt":"2016-05-18T06:27:00","guid":{"rendered":"http:\/\/souvenirsdaltitude.fr\/wordpress\/?page_id=3413"},"modified":"2017-05-11T08:25:08","modified_gmt":"2017-05-11T08:25:08","slug":"cours-stages-photos","status":"publish","type":"page","link":"https:\/\/souvenirsdaltitude.fr\/wordpress\/cours-stages-photos\/","title":{"rendered":"Cours et stages photos"},"content":{"rendered":"<div id=\"pl-3413\"  class=\"panel-layout\" ><div id=\"pg-3413-0\"  class=\"panel-grid panel-has-style\" ><div style=\"padding: 100px 0; \" data-overlay=\"true\" class=\"panel-row-style panel-row-style-for-3413-0\" ><div id=\"pgc-3413-0-0\"  class=\"panel-grid-cell\" ><div id=\"panel-3413-0-0-0\" class=\"so-panel widget widget_sow-editor panel-first-child panel-last-child\" data-index=\"0\" ><div\n\t\t\t\n\t\t\tclass=\"so-widget-sow-editor so-widget-sow-editor-base\"\n\t\t\t\n\t\t>\n<div class=\"siteorigin-widget-tinymce textwidget\">\n\t<p style=\"text-align: justify;\">Que vous soyez <strong>d\u00e9butant(e)<\/strong> ou <strong>confirm\u00e9(e)<\/strong>, je vous propose des cours et des stages photos afin de prendre en main ou <strong>progresser<\/strong> davantage dans votre pratique de la photographie. Que ce soit la <strong>ma\u00eetrise<\/strong> de votre boitier ou bien celle des <strong>logiciels<\/strong> <strong>indispensable<\/strong> au photographe qui souhaite partager au mieux l'intensit\u00e9 du moment, mes stages photos vous permettront de progresser <strong>\u00e0 votre rythme<\/strong> sur ces diff\u00e9rentes th\u00e9matiques !<\/p>\n<p>\u00a0<\/p>\n<p>\u00a0<\/p>\n<\/div>\n<\/div><\/div><\/div><\/div><\/div><div id=\"pg-3413-1\"  class=\"panel-grid panel-has-style\" ><div style=\"padding: 100px 0; \" data-overlay=\"true\" data-overlay-color=\"#000000\" class=\"panel-row-style panel-row-style-for-3413-1\" ><div id=\"pgc-3413-1-0\"  class=\"panel-grid-cell panel-grid-cell-empty\" ><\/div><div id=\"pgc-3413-1-1\"  class=\"panel-grid-cell\" ><div id=\"panel-3413-1-1-0\" class=\"so-panel widget widget_sow-editor panel-first-child panel-last-child\" data-index=\"1\" ><div\n\t\t\t\n\t\t\tclass=\"so-widget-sow-editor so-widget-sow-editor-base\"\n\t\t\t\n\t\t><h3 class=\"widget-title\">Gestion et retouche d'image<\/h3>\n<div class=\"siteorigin-widget-tinymce textwidget\">\n\t<p><a href=\"http:\/\/souvenirsdaltitude.fr\/wordpress\/gestion-retouche-images\/\"><img data-attachment-id=\"3255\" data-permalink=\"https:\/\/souvenirsdaltitude.fr\/wordpress\/gestion-retouche-images\/lightroom-e1434743119112\/\" data-orig-file=\"https:\/\/i0.wp.com\/souvenirsdaltitude.fr\/wordpress\/wp-content\/uploads\/2016\/04\/lightroom-e1463554147189.jpg?fit=600%2C300&amp;ssl=1\" data-orig-size=\"600,300\" data-comments-opened=\"0\" data-image-meta=\"{&quot;aperture&quot;:&quot;0&quot;,&quot;credit&quot;:&quot;&quot;,&quot;camera&quot;:&quot;&quot;,&quot;caption&quot;:&quot;&quot;,&quot;created_timestamp&quot;:&quot;0&quot;,&quot;copyright&quot;:&quot;&quot;,&quot;focal_length&quot;:&quot;0&quot;,&quot;iso&quot;:&quot;0&quot;,&quot;shutter_speed&quot;:&quot;0&quot;,&quot;title&quot;:&quot;&quot;,&quot;orientation&quot;:&quot;0&quot;}\" data-image-title=\"lightroom-e1434743119112\" data-image-description=\"\" data-image-caption=\"\" data-medium-file=\"https:\/\/i0.wp.com\/souvenirsdaltitude.fr\/wordpress\/wp-content\/uploads\/2016\/04\/lightroom-e1463554147189.jpg?fit=300%2C150&amp;ssl=1\" data-large-file=\"https:\/\/i0.wp.com\/souvenirsdaltitude.fr\/wordpress\/wp-content\/uploads\/2016\/04\/lightroom-e1463554147189.jpg?fit=600%2C300&amp;ssl=1\" decoding=\"async\" loading=\"lazy\" class=\"aligncenter wp-image-3255 size-full\" src=\"https:\/\/i0.wp.com\/souvenirsdaltitude.fr\/wordpress\/wp-content\/uploads\/2016\/04\/lightroom-e1463554147189.jpg?resize=600%2C300\" alt=\"Stages photos retouche\" width=\"600\" height=\"300\" srcset=\"https:\/\/i0.wp.com\/souvenirsdaltitude.fr\/wordpress\/wp-content\/uploads\/2016\/04\/lightroom-e1463554147189.jpg?w=600&amp;ssl=1 600w, https:\/\/i0.wp.com\/souvenirsdaltitude.fr\/wordpress\/wp-content\/uploads\/2016\/04\/lightroom-e1463554147189.jpg?resize=300%2C150&amp;ssl=1 300w, https:\/\/i0.wp.com\/souvenirsdaltitude.fr\/wordpress\/wp-content\/uploads\/2016\/04\/lightroom-e1463554147189.jpg?resize=230%2C115&amp;ssl=1 230w, https:\/\/i0.wp.com\/souvenirsdaltitude.fr\/wordpress\/wp-content\/uploads\/2016\/04\/lightroom-e1463554147189.jpg?resize=350%2C175&amp;ssl=1 350w\" sizes=\"(max-width: 600px) 100vw, 600px\" data-recalc-dims=\"1\" \/><\/a><\/p>\n<p style=\"text-align: justify;\">La plus grande frustration pour le photographe d\u00e9butant est de d\u00e9couvrir que ses photos ne ressemblent pas au souvenir qu'il avait du moment. L'objet de ces cours est de vous apporter les connaissances n\u00e9cessaires pour passer ce cap et enfin <strong>retrouver dans vos photos l'\u00e9clat du moment<\/strong>\u00a0! Pas besoin de connaissances pr\u00e9alables, je vous apprendrai tout ce qu'il y a \u00e0 savoir au rythme qui vous conviendra le mieux !<\/p>\n<\/div>\n<\/div><\/div><\/div><div id=\"pgc-3413-1-2\"  class=\"panel-grid-cell panel-grid-cell-mobile-last\" ><div id=\"panel-3413-1-2-0\" class=\"so-panel widget widget_sow-editor panel-first-child panel-last-child\" data-index=\"2\" ><div style=\"text-align: left;\" data-title-color=\"#443f3f\" data-headings-color=\"#443f3f\" class=\"panel-widget-style panel-widget-style-for-3413-1-2-0\" ><div\n\t\t\t\n\t\t\tclass=\"so-widget-sow-editor so-widget-sow-editor-base\"\n\t\t\t\n\t\t><h3 class=\"widget-title\">Stages photos \u00ab Alpes estivales \u00bb<\/h3>\n<div class=\"siteorigin-widget-tinymce textwidget\">\n\t<p><a href=\"http:\/\/souvenirsdaltitude.fr\/wordpress\/stages-photos-alpes-estivales\/\"><img data-attachment-id=\"3417\" data-permalink=\"https:\/\/souvenirsdaltitude.fr\/wordpress\/cours-stages-photos\/pierre_blanche_dsc4620_1400\/\" data-orig-file=\"https:\/\/i0.wp.com\/souvenirsdaltitude.fr\/wordpress\/wp-content\/uploads\/2016\/05\/pierre_blanche_DSC4620_1400.jpg?fit=1400%2C700&amp;ssl=1\" data-orig-size=\"1400,700\" data-comments-opened=\"0\" data-image-meta=\"{&quot;aperture&quot;:&quot;2.8&quot;,&quot;credit&quot;:&quot;&quot;,&quot;camera&quot;:&quot;NIKON D800&quot;,&quot;caption&quot;:&quot;&quot;,&quot;created_timestamp&quot;:&quot;1416641292&quot;,&quot;copyright&quot;:&quot;&quot;,&quot;focal_length&quot;:&quot;70&quot;,&quot;iso&quot;:&quot;100&quot;,&quot;shutter_speed&quot;:&quot;0.00625&quot;,&quot;title&quot;:&quot;&quot;,&quot;orientation&quot;:&quot;0&quot;}\" data-image-title=\"pierre_blanche_DSC4620_1400\" data-image-description=\"\" data-image-caption=\"\" data-medium-file=\"https:\/\/i0.wp.com\/souvenirsdaltitude.fr\/wordpress\/wp-content\/uploads\/2016\/05\/pierre_blanche_DSC4620_1400.jpg?fit=300%2C150&amp;ssl=1\" data-large-file=\"https:\/\/i0.wp.com\/souvenirsdaltitude.fr\/wordpress\/wp-content\/uploads\/2016\/05\/pierre_blanche_DSC4620_1400.jpg?fit=1024%2C512&amp;ssl=1\" decoding=\"async\" loading=\"lazy\" class=\"aligncenter wp-image-3417 size-large\" src=\"https:\/\/i0.wp.com\/souvenirsdaltitude.fr\/wordpress\/wp-content\/uploads\/2016\/05\/pierre_blanche_DSC4620_1400.jpg?resize=1024%2C512\" alt=\"Stages photos Alpes estivales\" width=\"1024\" height=\"512\" srcset=\"https:\/\/i0.wp.com\/souvenirsdaltitude.fr\/wordpress\/wp-content\/uploads\/2016\/05\/pierre_blanche_DSC4620_1400.jpg?resize=1024%2C512&amp;ssl=1 1024w, https:\/\/i0.wp.com\/souvenirsdaltitude.fr\/wordpress\/wp-content\/uploads\/2016\/05\/pierre_blanche_DSC4620_1400.jpg?resize=300%2C150&amp;ssl=1 300w, https:\/\/i0.wp.com\/souvenirsdaltitude.fr\/wordpress\/wp-content\/uploads\/2016\/05\/pierre_blanche_DSC4620_1400.jpg?resize=830%2C415&amp;ssl=1 830w, https:\/\/i0.wp.com\/souvenirsdaltitude.fr\/wordpress\/wp-content\/uploads\/2016\/05\/pierre_blanche_DSC4620_1400.jpg?resize=230%2C115&amp;ssl=1 230w, https:\/\/i0.wp.com\/souvenirsdaltitude.fr\/wordpress\/wp-content\/uploads\/2016\/05\/pierre_blanche_DSC4620_1400.jpg?resize=350%2C175&amp;ssl=1 350w, https:\/\/i0.wp.com\/souvenirsdaltitude.fr\/wordpress\/wp-content\/uploads\/2016\/05\/pierre_blanche_DSC4620_1400.jpg?w=1400&amp;ssl=1 1400w\" sizes=\"(max-width: 1024px) 100vw, 1024px\" data-recalc-dims=\"1\" \/><\/a><\/p>\n<p style=\"text-align: justify;\">La montagne\u00a0est un formidable terrain de jeu pour le photographe qui d\u00e9sire explorer et se familiariser avec son boitier. Elle offre une <strong>diversit\u00e9 de lumi\u00e8res<\/strong> qui permet \u00e0 tout le monde de progresser en rencontrant de nombreuses situations diff\u00e9rentes : c'est donc lors de cette <strong>immersion\u00a0en pleine nature<\/strong>\u00a0dans les Alpes, le temps d'un week-end, que nous verrons ensemble comment en ramener les plus beaux souvenirs...<\/p>\n<\/div>\n<\/div><\/div><\/div><\/div><div id=\"pgc-3413-1-3\"  class=\"panel-grid-cell panel-grid-cell-empty\" ><\/div><\/div><\/div><div id=\"pg-3413-2\"  class=\"panel-grid panel-has-style\" ><div style=\"padding: 100px 0; \" data-overlay=\"true\" class=\"panel-row-style panel-row-style-for-3413-2\" ><div id=\"pgc-3413-2-0\"  class=\"panel-grid-cell panel-grid-cell-empty\" ><\/div><div id=\"pgc-3413-2-1\"  class=\"panel-grid-cell\" ><div id=\"panel-3413-2-1-0\" class=\"so-panel widget widget_sydney_action sydney_action_widget panel-first-child panel-last-child\" data-index=\"3\" >        <div class=\"roll-promobox \">\r\n\t\t\t<div class=\"promo-wrap\">\r\n\t\t\t\t\t\t\t\t<div class=\"promo-controls\">\r\n\t\t\t\t\t<a href=\"http:\/\/souvenirsdaltitude.fr\/wordpress\/gestion-retouche-images\/\" class=\"roll-button border\">En savoir plus...<\/a>\r\n\t\t\t\t<\/div>\r\n\t\t\t<\/div>\r\n        <\/div>\r\n\t<\/div><\/div><div id=\"pgc-3413-2-2\"  class=\"panel-grid-cell panel-grid-cell-mobile-last\" ><div id=\"panel-3413-2-2-0\" class=\"so-panel widget widget_sydney_action sydney_action_widget panel-first-child panel-last-child\" data-index=\"4\" >        <div class=\"roll-promobox \">\r\n\t\t\t<div class=\"promo-wrap\">\r\n\t\t\t\t\t\t\t\t<div class=\"promo-controls\">\r\n\t\t\t\t\t<a href=\"http:\/\/souvenirsdaltitude.fr\/wordpress\/stages-photos-alpes-estivales\/\" class=\"roll-button border\">En savoir plus...<\/a>\r\n\t\t\t\t<\/div>\r\n\t\t\t<\/div>\r\n        <\/div>\r\n\t<\/div><\/div><div id=\"pgc-3413-2-3\"  class=\"panel-grid-cell panel-grid-cell-empty\" ><\/div><\/div><\/div><div id=\"pg-3413-3\"  class=\"panel-grid panel-has-style\" ><div style=\"padding: 100px 0; \" data-overlay=\"true\" data-overlay-color=\"#000000\" class=\"panel-row-style panel-row-style-for-3413-3\" ><div id=\"pgc-3413-3-0\"  class=\"panel-grid-cell panel-grid-cell-empty\" ><\/div><div id=\"pgc-3413-3-1\"  class=\"panel-grid-cell\" ><div id=\"panel-3413-3-1-0\" class=\"so-panel widget widget_sow-editor panel-first-child panel-last-child\" data-index=\"5\" ><div style=\"text-align: left;\" data-title-color=\"#443f3f\" data-headings-color=\"#443f3f\" class=\"panel-widget-style panel-widget-style-for-3413-3-1-0\" ><div\n\t\t\t\n\t\t\tclass=\"so-widget-sow-editor so-widget-sow-editor-base\"\n\t\t\t\n\t\t><h3 class=\"widget-title\">Stages photos \u00ab Alpes automnales \u00bb<\/h3>\n<div class=\"siteorigin-widget-tinymce textwidget\">\n\t<p><a href=\"http:\/\/souvenirsdaltitude.fr\/wordpress\/stage-photo-alpes-automnales\/\"><img data-attachment-id=\"3710\" data-permalink=\"https:\/\/souvenirsdaltitude.fr\/wordpress\/stage-photo-alpes-automnales\/claree_dsc0925_1400\/\" data-orig-file=\"https:\/\/i0.wp.com\/souvenirsdaltitude.fr\/wordpress\/wp-content\/uploads\/2016\/09\/claree_DSC0925_1400.jpg?fit=1400%2C933&amp;ssl=1\" data-orig-size=\"1400,933\" data-comments-opened=\"0\" data-image-meta=\"{&quot;aperture&quot;:&quot;16&quot;,&quot;credit&quot;:&quot;Benjamin Orgogozo&quot;,&quot;camera&quot;:&quot;NIKON D800&quot;,&quot;caption&quot;:&quot;&quot;,&quot;created_timestamp&quot;:&quot;1445256382&quot;,&quot;copyright&quot;:&quot;&quot;,&quot;focal_length&quot;:&quot;20&quot;,&quot;iso&quot;:&quot;100&quot;,&quot;shutter_speed&quot;:&quot;2.5&quot;,&quot;title&quot;:&quot;&quot;,&quot;orientation&quot;:&quot;0&quot;}\" data-image-title=\"claree_DSC0925_1400\" data-image-description=\"\" data-image-caption=\"\" data-medium-file=\"https:\/\/i0.wp.com\/souvenirsdaltitude.fr\/wordpress\/wp-content\/uploads\/2016\/09\/claree_DSC0925_1400.jpg?fit=300%2C200&amp;ssl=1\" data-large-file=\"https:\/\/i0.wp.com\/souvenirsdaltitude.fr\/wordpress\/wp-content\/uploads\/2016\/09\/claree_DSC0925_1400.jpg?fit=1024%2C682&amp;ssl=1\" decoding=\"async\" loading=\"lazy\" class=\"aligncenter wp-image-3710 size-large\" src=\"https:\/\/i0.wp.com\/souvenirsdaltitude.fr\/wordpress\/wp-content\/uploads\/2016\/09\/claree_DSC0925_1400.jpg?resize=1024%2C682\" width=\"1024\" height=\"682\" srcset=\"https:\/\/i0.wp.com\/souvenirsdaltitude.fr\/wordpress\/wp-content\/uploads\/2016\/09\/claree_DSC0925_1400.jpg?resize=1024%2C682&amp;ssl=1 1024w, https:\/\/i0.wp.com\/souvenirsdaltitude.fr\/wordpress\/wp-content\/uploads\/2016\/09\/claree_DSC0925_1400.jpg?resize=300%2C200&amp;ssl=1 300w, https:\/\/i0.wp.com\/souvenirsdaltitude.fr\/wordpress\/wp-content\/uploads\/2016\/09\/claree_DSC0925_1400.jpg?resize=830%2C553&amp;ssl=1 830w, https:\/\/i0.wp.com\/souvenirsdaltitude.fr\/wordpress\/wp-content\/uploads\/2016\/09\/claree_DSC0925_1400.jpg?resize=230%2C153&amp;ssl=1 230w, https:\/\/i0.wp.com\/souvenirsdaltitude.fr\/wordpress\/wp-content\/uploads\/2016\/09\/claree_DSC0925_1400.jpg?resize=350%2C233&amp;ssl=1 350w, https:\/\/i0.wp.com\/souvenirsdaltitude.fr\/wordpress\/wp-content\/uploads\/2016\/09\/claree_DSC0925_1400.jpg?resize=480%2C320&amp;ssl=1 480w, https:\/\/i0.wp.com\/souvenirsdaltitude.fr\/wordpress\/wp-content\/uploads\/2016\/09\/claree_DSC0925_1400.jpg?resize=272%2C182&amp;ssl=1 272w, https:\/\/i0.wp.com\/souvenirsdaltitude.fr\/wordpress\/wp-content\/uploads\/2016\/09\/claree_DSC0925_1400.jpg?w=1400&amp;ssl=1 1400w\" sizes=\"(max-width: 1024px) 100vw, 1024px\" data-recalc-dims=\"1\" \/><\/a><\/p>\n<p style=\"text-align: justify;\">La montagne\u00a0est un formidable terrain de jeu pour le photographe qui d\u00e9sire explorer et se familiariser avec son boitier. En cette saison, nous profiterons de la flamboyance de la v\u00e9g\u00e9tation et de la claret\u00e9 de l'atmosph\u00e8re pour amener tout le monde de progresser en rencontrant de nombreuses situations diff\u00e9rentes : c'est donc lors de cette <strong>immersion\u00a0en pleine nature<\/strong>\u00a0dans les Alpes, le temps d'un week-end, que nous verrons ensemble comment en ramener les plus beaux souvenirs...<\/p>\n<\/div>\n<\/div><\/div><\/div><\/div><div id=\"pgc-3413-3-2\"  class=\"panel-grid-cell panel-grid-cell-mobile-last\" ><div id=\"panel-3413-3-2-0\" class=\"so-panel widget widget_sow-editor panel-first-child panel-last-child\" data-index=\"6\" ><div style=\"text-align: left;\" data-title-color=\"#443f3f\" data-headings-color=\"#443f3f\" class=\"panel-widget-style panel-widget-style-for-3413-3-2-0\" ><div\n\t\t\t\n\t\t\tclass=\"so-widget-sow-editor so-widget-sow-editor-base\"\n\t\t\t\n\t\t><h3 class=\"widget-title\">Stages photos \u00ab Alpes hivernales \u00bb<\/h3>\n<div class=\"siteorigin-widget-tinymce textwidget\">\n\t<p><a href=\"http:\/\/souvenirsdaltitude.fr\/wordpress\/stage-photo-alpes-hivernales\/\"><img data-attachment-id=\"3806\" data-permalink=\"https:\/\/souvenirsdaltitude.fr\/wordpress\/stage-photo-alpes-hivernales\/tete_chevaliere_dsc5242_1400-2\/\" data-orig-file=\"https:\/\/i0.wp.com\/souvenirsdaltitude.fr\/wordpress\/wp-content\/uploads\/2016\/11\/tete_chevaliere_DSC5242_1400-1.jpg?fit=1400%2C932&amp;ssl=1\" data-orig-size=\"1400,932\" data-comments-opened=\"0\" data-image-meta=\"{&quot;aperture&quot;:&quot;16&quot;,&quot;credit&quot;:&quot;Benjamin Orgogozo&quot;,&quot;camera&quot;:&quot;NIKON D700&quot;,&quot;caption&quot;:&quot;&quot;,&quot;created_timestamp&quot;:&quot;1385889825&quot;,&quot;copyright&quot;:&quot;&quot;,&quot;focal_length&quot;:&quot;56&quot;,&quot;iso&quot;:&quot;200&quot;,&quot;shutter_speed&quot;:&quot;0.002&quot;,&quot;title&quot;:&quot;&quot;,&quot;orientation&quot;:&quot;0&quot;}\" data-image-title=\"\" data-image-description=\"\" data-image-caption=\"\" data-medium-file=\"https:\/\/i0.wp.com\/souvenirsdaltitude.fr\/wordpress\/wp-content\/uploads\/2016\/11\/tete_chevaliere_DSC5242_1400-1.jpg?fit=300%2C200&amp;ssl=1\" data-large-file=\"https:\/\/i0.wp.com\/souvenirsdaltitude.fr\/wordpress\/wp-content\/uploads\/2016\/11\/tete_chevaliere_DSC5242_1400-1.jpg?fit=1024%2C682&amp;ssl=1\" decoding=\"async\" loading=\"lazy\" class=\"aligncenter wp-image-3806 size-large\" src=\"https:\/\/i0.wp.com\/souvenirsdaltitude.fr\/wordpress\/wp-content\/uploads\/2016\/11\/tete_chevaliere_DSC5242_1400-1.jpg?resize=1024%2C682\" width=\"1024\" height=\"682\" srcset=\"https:\/\/i0.wp.com\/souvenirsdaltitude.fr\/wordpress\/wp-content\/uploads\/2016\/11\/tete_chevaliere_DSC5242_1400-1.jpg?resize=1024%2C682&amp;ssl=1 1024w, https:\/\/i0.wp.com\/souvenirsdaltitude.fr\/wordpress\/wp-content\/uploads\/2016\/11\/tete_chevaliere_DSC5242_1400-1.jpg?resize=300%2C200&amp;ssl=1 300w, https:\/\/i0.wp.com\/souvenirsdaltitude.fr\/wordpress\/wp-content\/uploads\/2016\/11\/tete_chevaliere_DSC5242_1400-1.jpg?resize=200%2C133&amp;ssl=1 200w, https:\/\/i0.wp.com\/souvenirsdaltitude.fr\/wordpress\/wp-content\/uploads\/2016\/11\/tete_chevaliere_DSC5242_1400-1.jpg?resize=600%2C399&amp;ssl=1 600w, https:\/\/i0.wp.com\/souvenirsdaltitude.fr\/wordpress\/wp-content\/uploads\/2016\/11\/tete_chevaliere_DSC5242_1400-1.jpg?resize=830%2C553&amp;ssl=1 830w, https:\/\/i0.wp.com\/souvenirsdaltitude.fr\/wordpress\/wp-content\/uploads\/2016\/11\/tete_chevaliere_DSC5242_1400-1.jpg?resize=230%2C153&amp;ssl=1 230w, https:\/\/i0.wp.com\/souvenirsdaltitude.fr\/wordpress\/wp-content\/uploads\/2016\/11\/tete_chevaliere_DSC5242_1400-1.jpg?resize=350%2C233&amp;ssl=1 350w, https:\/\/i0.wp.com\/souvenirsdaltitude.fr\/wordpress\/wp-content\/uploads\/2016\/11\/tete_chevaliere_DSC5242_1400-1.jpg?resize=480%2C320&amp;ssl=1 480w, https:\/\/i0.wp.com\/souvenirsdaltitude.fr\/wordpress\/wp-content\/uploads\/2016\/11\/tete_chevaliere_DSC5242_1400-1.jpg?resize=272%2C182&amp;ssl=1 272w, https:\/\/i0.wp.com\/souvenirsdaltitude.fr\/wordpress\/wp-content\/uploads\/2016\/11\/tete_chevaliere_DSC5242_1400-1.jpg?w=1400&amp;ssl=1 1400w\" sizes=\"(max-width: 1024px) 100vw, 1024px\" data-recalc-dims=\"1\" \/><\/a><\/p>\n<p style=\"text-align: justify;\">La montagne\u00a0est un formidable terrain de jeu pour le photographe qui d\u00e9sire explorer et se familiariser avec son boitier. Les ambiances hivernales sont celles que j'affectionne particuli\u00e8rement car elles nous font d\u00e9couvrir la montagne autrement : chaque bute devient potentiellement une raison de s'arr\u00eater et de profiter de l'endroit... en le photographiant ! C'est donc lors de cette <strong>immersion\u00a0en pleine nature<\/strong>\u00a0dans les Alpes, le temps d'un week-end, que nous verrons ensemble comment en ramener les plus beaux souvenirs...<\/p>\n<\/div>\n<\/div><\/div><\/div><\/div><div id=\"pgc-3413-3-3\"  class=\"panel-grid-cell panel-grid-cell-empty\" ><\/div><\/div><\/div><div id=\"pg-3413-4\"  class=\"panel-grid panel-has-style\" ><div style=\"padding: 100px 0; \" data-overlay=\"true\" class=\"panel-row-style panel-row-style-for-3413-4\" ><div id=\"pgc-3413-4-0\"  class=\"panel-grid-cell panel-grid-cell-empty\" ><\/div><div id=\"pgc-3413-4-1\"  class=\"panel-grid-cell\" ><div id=\"panel-3413-4-1-0\" class=\"so-panel widget widget_sydney_action sydney_action_widget panel-first-child panel-last-child\" data-index=\"7\" ><div style=\"text-align: left;\" data-title-color=\"#443f3f\" data-headings-color=\"#443f3f\" class=\"panel-widget-style panel-widget-style-for-3413-4-1-0\" >        <div class=\"roll-promobox \">\r\n\t\t\t<div class=\"promo-wrap\">\r\n\t\t\t\t\t\t\t\t<div class=\"promo-controls\">\r\n\t\t\t\t\t<a href=\"http:\/\/souvenirsdaltitude.fr\/wordpress\/stage-photo-alpes-automnales\/\" class=\"roll-button border\">En savoir plus...<\/a>\r\n\t\t\t\t<\/div>\r\n\t\t\t<\/div>\r\n        <\/div>\r\n\t<\/div><\/div><\/div><div id=\"pgc-3413-4-2\"  class=\"panel-grid-cell panel-grid-cell-mobile-last\" ><div id=\"panel-3413-4-2-0\" class=\"so-panel widget widget_sydney_action sydney_action_widget panel-first-child panel-last-child\" data-index=\"8\" ><div style=\"text-align: left;\" data-title-color=\"#443f3f\" data-headings-color=\"#443f3f\" class=\"panel-widget-style panel-widget-style-for-3413-4-2-0\" >        <div class=\"roll-promobox \">\r\n\t\t\t<div class=\"promo-wrap\">\r\n\t\t\t\t\t\t\t\t<div class=\"promo-controls\">\r\n\t\t\t\t\t<a href=\"http:\/\/souvenirsdaltitude.fr\/wordpress\/stage-photo-alpes-hivernales\/\" class=\"roll-button border\">En savoir plus...<\/a>\r\n\t\t\t\t<\/div>\r\n\t\t\t<\/div>\r\n        <\/div>\r\n\t<\/div><\/div><\/div><div id=\"pgc-3413-4-3\"  class=\"panel-grid-cell panel-grid-cell-empty\" ><\/div><\/div><\/div><\/div>","protected":false},"excerpt":{"rendered":"<p>Que vous soyez d\u00e9butant(e) ou confirm\u00e9(e), je vous propose des cours et des stages photos afin de prendre en main ou progresser davantage dans votre pratique de la photographie. Que ce soit la ma\u00eetrise de votre boitier ou bien celle des logiciels indispensable au photographe qui souhaite partager au mieux l&rsquo;intensit\u00e9 du moment, mes stages [&hellip;]<\/p>\n","protected":false},"author":2,"featured_media":0,"parent":0,"menu_order":0,"comment_status":"closed","ping_status":"closed","template":"page-templates\/page_fullwidth.php","meta":[],"jetpack_sharing_enabled":true,"_links":{"self":[{"href":"https:\/\/souvenirsdaltitude.fr\/wordpress\/wp-json\/wp\/v2\/pages\/3413"}],"collection":[{"href":"https:\/\/souvenirsdaltitude.fr\/wordpress\/wp-json\/wp\/v2\/pages"}],"about":[{"href":"https:\/\/souvenirsdaltitude.fr\/wordpress\/wp-json\/wp\/v2\/types\/page"}],"author":[{"embeddable":true,"href":"https:\/\/souvenirsdaltitude.fr\/wordpress\/wp-json\/wp\/v2\/users\/2"}],"replies":[{"embeddable":true,"href":"https:\/\/souvenirsdaltitude.fr\/wordpress\/wp-json\/wp\/v2\/comments?post=3413"}],"version-history":[{"count":0,"href":"https:\/\/souvenirsdaltitude.fr\/wordpress\/wp-json\/wp\/v2\/pages\/3413\/revisions"}],"wp:attachment":[{"href":"https:\/\/souvenirsdaltitude.fr\/wordpress\/wp-json\/wp\/v2\/media?parent=3413"}],"curies":[{"name":"wp","href":"https:\/\/api.w.org\/{rel}","templated":true}]}}