{"id":270,"date":"2014-02-16T21:43:36","date_gmt":"2014-02-16T21:43:36","guid":{"rendered":"http:\/\/souvenirsdaltitude.fr\/wordpress\/?page_id=270"},"modified":"2016-05-25T12:36:44","modified_gmt":"2016-05-25T12:36:44","slug":"biographie","status":"publish","type":"page","link":"https:\/\/souvenirsdaltitude.fr\/wordpress\/biographie\/","title":{"rendered":"L&rsquo;auteur"},"content":{"rendered":"<div id=\"pl-270\"  class=\"panel-layout\" ><div id=\"pg-270-0\"  class=\"panel-grid panel-has-style\" ><div style=\"padding: 100px 0; \" data-overlay=\"true\" class=\"panel-row-style panel-row-style-for-270-0\" ><div id=\"pgc-270-0-0\"  class=\"panel-grid-cell panel-grid-cell-empty\" ><\/div><div id=\"pgc-270-0-1\"  class=\"panel-grid-cell\" ><div id=\"panel-270-0-1-0\" class=\"so-panel widget widget_sow-editor panel-first-child panel-last-child\" data-index=\"0\" ><div\n\t\t\t\n\t\t\tclass=\"so-widget-sow-editor so-widget-sow-editor-base\"\n\t\t\t\n\t\t>\n<div class=\"siteorigin-widget-tinymce textwidget\">\n\t<h2 style=\"text-align: justify;\">Mes d\u00e9buts<\/h2>\n<p style=\"text-align: justify;\">Certains sont n\u00e9s avec un appareil photo l\u00e9gu\u00e9 par leur arri\u00e8re grand-p\u00e8re et ont \u00e9t\u00e9 \u00e9duqu\u00e9s \u00e0 l'odeur des bains de r\u00e9v\u00e9lations argentiques, et bien ce n'est pas mon cas ! Ma premi\u00e8re r\u00e9v\u00e9lation, je l'ai eu en 2001 : alors ag\u00e9 de 19 ans, j'effectue, pour mon plus grand\u00a0bonheur, ma premi\u00e8re randonn\u00e9e itin\u00e9rante. Ce fut le d\u00e9but d'une longue histoire d'amour et d'un long voyage...<\/p>\n<p style=\"text-align: justify;\">Randonn\u00e9e, alpinisme, raquettes, ski de randonn\u00e9e, escalade... ma pratique de la montagne se diversifie\u00a0progressivement tandis que mon go\u00fbt de l'aventure et de l'ambiance si particuli\u00e8re d'un bivouac en montagne se d\u00e9veloppe. Pyr\u00e9n\u00e9es, Alpes, Corse, Dolomites, Norv\u00e8ge, Islande, Groenland, ... toutes les destinations offrent \u00e0 d\u00e9couvrir et \u00e0 s'\u00e9merveiller. Je parcourerai de longues ann\u00e9es ces diff\u00e9rents massifs, pour le seul plaisir d'\u00eatre en montagne et de profiter de ses lumi\u00e8res, de sa solitude parfois et du plaisir simple \u00e0 passer une nuit entre amis sous la tente.<\/p>\n<h2 style=\"text-align: justify;\">\u00a0<\/h2>\n<h2 style=\"text-align: justify;\">Premier appareil photo<\/h2>\n<p style=\"text-align: justify;\">N\u00e9anmoins, peu \u00e0 peu, l'envie de ramener des \u00ab souvenirs d'altitude \u00bb de mes escapades alpines se fait sentir, et un premier appareil photo trouve sa place en 2004 dans mon sac \u00e0 dos. Et puis, parce que les paysages et les ambiances les plus belles sont souvent \u00e0 des moments o\u00f9 l\u2019on\u00a0pr\u00e9f\u00e9rerait\u00a0dormir, ma pratique de la montagne s'est progressivement adapt\u00e9e \u00e0 ma passion pour la photo : les d\u00e9parts se font plus matinaux, le bronzage se fait exclusivement \u00e0 la lampe frontale ou \u00e0 la lumi\u00e8re de la lune... Alors que les alpinistes\/randonneurs ont la peau burin\u00e9e par le soleil, le vrai photographe est, lui, blanc comme un linge ! \ud83d\ude42<\/p>\n<p style=\"text-align: justify;\">La photographie est alors rapidement devenue pour moi le moteur principal de mes sorties alpines, notamment car elle pousse \u00e0 porter un regard diff\u00e9rent sur ce qui nous entoure et qu'elle force \u00e0 essayer de voir de la beaut\u00e9 l\u00e0 o\u00f9 on ne l\u2019attendrait parfois pas !<\/p>\n<h2 style=\"text-align: justify;\">\u00a0<\/h2>\n<h2 style=\"text-align: justify;\">Auteur photographe, accompagnateur en montagne<\/h2>\n<p style=\"text-align: justify;\">En 2013, je d\u00e9cide de vivre encore plus profond\u00e9ment cette passion et suit le cursus d'accompagnateur en montagne. Faune, flore, sommets, ar\u00eates effil\u00e9es, ... ce milieu que je c\u00f4toyais depuis presque 10 ans, je souhaitais le conna\u00eetre encore davantage ! Apr\u00e8s tant d'ann\u00e9es \u00e0 \u00ab consommer \u00bb la montagne, je d\u00e9sirais en devenir un acteur participant \u00e0 son d\u00e9veloppement tout en en connaissant les r\u00e8gles, humaines comme naturelles. En tant que photographe et accompagnateur en montagne, je partage d\u00e9sormais avec vous\u00a0bien \u00e9videmment mes deux passions, mais aussi mon respect pour cette nature fragile, qu'il est indispensable de conna\u00eetre un minimum pour ne pas la perturber et ainsi pouvoir continuer \u00e0 en profiter pleinement !<\/p>\n<p>\u00a0<\/p>\n<\/div>\n<\/div><\/div><\/div><div id=\"pgc-270-0-2\"  class=\"panel-grid-cell panel-grid-cell-mobile-last\" ><div id=\"panel-270-0-2-0\" class=\"so-panel widget widget_sow-editor panel-first-child panel-last-child\" data-index=\"1\" ><div\n\t\t\t\n\t\t\tclass=\"so-widget-sow-editor so-widget-sow-editor-base\"\n\t\t\t\n\t\t>\n<div class=\"siteorigin-widget-tinymce textwidget\">\n\t<h2 style=\"text-align: justify;\">\u00a0<\/h2>\n<div class=\"tiled-gallery type-rectangular tiled-gallery-unresized\" data-original-width=\"8000\" data-carousel-extra='{&quot;blog_id&quot;:1,&quot;permalink&quot;:&quot;https:\\\/\\\/souvenirsdaltitude.fr\\\/wordpress\\\/biographie\\\/&quot;,&quot;likes_blog_id&quot;:110145678}' itemscope itemtype=\"http:\/\/schema.org\/ImageGallery\" > <div class=\"gallery-row\" style=\"width: 8000px; height: 4577px;\" data-original-width=\"8000\" data-original-height=\"4577\" > <div class=\"gallery-group images-2\" style=\"width: 3432px; height: 4577px;\" data-original-width=\"3432\" data-original-height=\"4577\" > <div class=\"tiled-gallery-item tiled-gallery-item-large\" itemprop=\"associatedMedia\" itemscope itemtype=\"http:\/\/schema.org\/ImageObject\"> <a href=\"https:\/\/souvenirsdaltitude.fr\/wordpress\/biographie\/img_0021\/\" border=\"0\" itemprop=\"url\"> <meta itemprop=\"width\" content=\"3428\"> <meta itemprop=\"height\" content=\"2285\"> <img data-attachment-id=\"3325\" data-orig-file=\"https:\/\/souvenirsdaltitude.fr\/wordpress\/wp-content\/uploads\/2014\/02\/img_0021.jpg\" data-orig-size=\"3888,2592\" data-comments-opened=\"\" data-image-meta=\"{&quot;aperture&quot;:&quot;10&quot;,&quot;credit&quot;:&quot;&quot;,&quot;camera&quot;:&quot;Canon EOS 400D DIGITAL&quot;,&quot;caption&quot;:&quot;&quot;,&quot;created_timestamp&quot;:&quot;1206778096&quot;,&quot;copyright&quot;:&quot;&quot;,&quot;focal_length&quot;:&quot;70&quot;,&quot;iso&quot;:&quot;100&quot;,&quot;shutter_speed&quot;:&quot;0.004&quot;,&quot;title&quot;:&quot;&quot;,&quot;orientation&quot;:&quot;1&quot;}\" data-image-title=\"\" data-image-description=\"\" data-medium-file=\"https:\/\/i0.wp.com\/souvenirsdaltitude.fr\/wordpress\/wp-content\/uploads\/2014\/02\/img_0021.jpg?fit=300%2C200&#038;ssl=1\" data-large-file=\"https:\/\/i0.wp.com\/souvenirsdaltitude.fr\/wordpress\/wp-content\/uploads\/2014\/02\/img_0021.jpg?fit=1024%2C683&#038;ssl=1\" src=\"https:\/\/i0.wp.com\/souvenirsdaltitude.fr\/wordpress\/wp-content\/uploads\/2014\/02\/img_0021.jpg?w=3428&#038;h=2285&#038;ssl=1\" width=\"3428\" height=\"2285\" data-original-width=\"3428\" data-original-height=\"2285\" itemprop=\"http:\/\/schema.org\/image\" title=\"\" alt=\"Photographie d&#039;Emmanuel Varoquaux\" style=\"width: 3428px; height: 2285px;\" \/> <\/a> <div class=\"tiled-gallery-caption\" itemprop=\"caption description\"> Photographie d&rsquo;Emmanuel Varoquaux <\/div> <\/div> <div class=\"tiled-gallery-item tiled-gallery-item-large\" itemprop=\"associatedMedia\" itemscope itemtype=\"http:\/\/schema.org\/ImageObject\"> <a href=\"https:\/\/souvenirsdaltitude.fr\/wordpress\/biographie\/img_1841\/\" border=\"0\" itemprop=\"url\"> <meta itemprop=\"width\" content=\"3428\"> <meta itemprop=\"height\" content=\"2284\"> <img data-attachment-id=\"3326\" data-orig-file=\"https:\/\/souvenirsdaltitude.fr\/wordpress\/wp-content\/uploads\/2014\/02\/IMG_1841.jpg\" data-orig-size=\"800,533\" data-comments-opened=\"\" data-image-meta=\"{&quot;aperture&quot;:&quot;0&quot;,&quot;credit&quot;:&quot;&quot;,&quot;camera&quot;:&quot;&quot;,&quot;caption&quot;:&quot;&quot;,&quot;created_timestamp&quot;:&quot;0&quot;,&quot;copyright&quot;:&quot;&quot;,&quot;focal_length&quot;:&quot;0&quot;,&quot;iso&quot;:&quot;0&quot;,&quot;shutter_speed&quot;:&quot;0&quot;,&quot;title&quot;:&quot;&quot;,&quot;orientation&quot;:&quot;0&quot;}\" data-image-title=\"\" data-image-description=\"\" data-medium-file=\"https:\/\/i0.wp.com\/souvenirsdaltitude.fr\/wordpress\/wp-content\/uploads\/2014\/02\/IMG_1841.jpg?fit=300%2C200&#038;ssl=1\" data-large-file=\"https:\/\/i0.wp.com\/souvenirsdaltitude.fr\/wordpress\/wp-content\/uploads\/2014\/02\/IMG_1841.jpg?fit=800%2C533&#038;ssl=1\" src=\"https:\/\/i0.wp.com\/souvenirsdaltitude.fr\/wordpress\/wp-content\/uploads\/2014\/02\/IMG_1841.jpg?w=3428&#038;h=2284&#038;ssl=1\" width=\"3428\" height=\"2284\" data-original-width=\"3428\" data-original-height=\"2284\" itemprop=\"http:\/\/schema.org\/image\" title=\"\" alt=\"Photographie de Jean-Luc Augier\" style=\"width: 3428px; height: 2284px;\" \/> <\/a> <div class=\"tiled-gallery-caption\" itemprop=\"caption description\"> Photographie de Jean-Luc Augier <\/div> <\/div> <\/div> <!-- close group --> <div class=\"gallery-group images-2\" style=\"width: 4568px; height: 4577px;\" data-original-width=\"4568\" data-original-height=\"4577\" > <div class=\"tiled-gallery-item tiled-gallery-item-large\" itemprop=\"associatedMedia\" itemscope itemtype=\"http:\/\/schema.org\/ImageObject\"> <a href=\"https:\/\/souvenirsdaltitude.fr\/wordpress\/biographie\/en-route-vers-le-plan-de-la-limance\/\" border=\"0\" itemprop=\"url\"> <meta itemprop=\"width\" content=\"4564\"> <meta itemprop=\"height\" content=\"3045\"> <img data-attachment-id=\"3330\" data-orig-file=\"https:\/\/souvenirsdaltitude.fr\/wordpress\/wp-content\/uploads\/2014\/02\/la-limace.jpg\" data-orig-size=\"1400,934\" data-comments-opened=\"\" data-image-meta=\"{&quot;aperture&quot;:&quot;2&quot;,&quot;credit&quot;:&quot;Jerome Obiols&quot;,&quot;camera&quot;:&quot;NIKON D810&quot;,&quot;caption&quot;:&quot;Skieur de randonn\\u00e9e montant dans la neige vers le Plan de la Limance. Massif des Bauges.&quot;,&quot;created_timestamp&quot;:&quot;1457256568&quot;,&quot;copyright&quot;:&quot;Jerome Obiols&quot;,&quot;focal_length&quot;:&quot;35&quot;,&quot;iso&quot;:&quot;64&quot;,&quot;shutter_speed&quot;:&quot;0.0003125&quot;,&quot;title&quot;:&quot;En route vers le Plan de la Limance&quot;,&quot;orientation&quot;:&quot;0&quot;}\" data-image-title=\"\" data-image-description=\"\" data-medium-file=\"https:\/\/i0.wp.com\/souvenirsdaltitude.fr\/wordpress\/wp-content\/uploads\/2014\/02\/la-limace.jpg?fit=300%2C200&#038;ssl=1\" data-large-file=\"https:\/\/i0.wp.com\/souvenirsdaltitude.fr\/wordpress\/wp-content\/uploads\/2014\/02\/la-limace.jpg?fit=1024%2C683&#038;ssl=1\" src=\"https:\/\/i0.wp.com\/souvenirsdaltitude.fr\/wordpress\/wp-content\/uploads\/2014\/02\/la-limace.jpg?w=4564&#038;h=3045&#038;ssl=1\" width=\"4564\" height=\"3045\" data-original-width=\"4564\" data-original-height=\"3045\" itemprop=\"http:\/\/schema.org\/image\" title=\"\" alt=\"Photographie de J\u00e9r\u00f4me Obiols\" style=\"width: 4564px; height: 3045px;\" \/> <\/a> <div class=\"tiled-gallery-caption\" itemprop=\"caption description\"> Photographie de J\u00e9r\u00f4me Obiols <\/div> <\/div> <div class=\"tiled-gallery-item tiled-gallery-item-large\" itemprop=\"associatedMedia\" itemscope itemtype=\"http:\/\/schema.org\/ImageObject\"> <a href=\"https:\/\/souvenirsdaltitude.fr\/wordpress\/biographie\/img_1484_gimp\/\" border=\"0\" itemprop=\"url\"> <meta itemprop=\"width\" content=\"4564\"> <meta itemprop=\"height\" content=\"1524\"> <img data-attachment-id=\"3335\" data-orig-file=\"https:\/\/souvenirsdaltitude.fr\/wordpress\/wp-content\/uploads\/2014\/02\/IMG_1484_gimp.jpg\" data-orig-size=\"800,267\" data-comments-opened=\"\" data-image-meta=\"{&quot;aperture&quot;:&quot;0&quot;,&quot;credit&quot;:&quot;&quot;,&quot;camera&quot;:&quot;&quot;,&quot;caption&quot;:&quot;&quot;,&quot;created_timestamp&quot;:&quot;0&quot;,&quot;copyright&quot;:&quot;&quot;,&quot;focal_length&quot;:&quot;0&quot;,&quot;iso&quot;:&quot;0&quot;,&quot;shutter_speed&quot;:&quot;0&quot;,&quot;title&quot;:&quot;&quot;,&quot;orientation&quot;:&quot;0&quot;}\" data-image-title=\"\" data-image-description=\"\" data-medium-file=\"https:\/\/i0.wp.com\/souvenirsdaltitude.fr\/wordpress\/wp-content\/uploads\/2014\/02\/IMG_1484_gimp.jpg?fit=300%2C100&#038;ssl=1\" data-large-file=\"https:\/\/i0.wp.com\/souvenirsdaltitude.fr\/wordpress\/wp-content\/uploads\/2014\/02\/IMG_1484_gimp.jpg?fit=800%2C267&#038;ssl=1\" src=\"https:\/\/i0.wp.com\/souvenirsdaltitude.fr\/wordpress\/wp-content\/uploads\/2014\/02\/IMG_1484_gimp.jpg?w=4564&#038;h=1524&#038;ssl=1\" width=\"4564\" height=\"1524\" data-original-width=\"4564\" data-original-height=\"1524\" itemprop=\"http:\/\/schema.org\/image\" title=\"\" alt=\"Photographie de Jean-Luc Augier\" style=\"width: 4564px; height: 1524px;\" \/> <\/a> <div class=\"tiled-gallery-caption\" itemprop=\"caption description\"> Photographie de Jean-Luc Augier <\/div> <\/div> <\/div> <!-- close group --> <\/div> <!-- close row --> <\/div>\n<p>\u00a0<\/p>\n<div style=\"width: 1280px;\" class=\"wp-video\"><!--[if lt IE 9]><script>document.createElement('video');<\/script><![endif]-->\n<video class=\"wp-video-shortcode\" id=\"video-270-1\" width=\"1280\" height=\"720\" poster=\"http:\/\/souvenirsdaltitude.fr\/wordpress\/wp-content\/uploads\/2016\/04\/rocher_pansaret_DSC0249_DSC0269_20121219_08_29_45_1400-3.jpg\" preload=\"auto\" controls=\"controls\"><source type=\"video\/mp4\" src=\"http:\/\/souvenirsdaltitude.fr\/wordpress\/wp-content\/uploads\/2014\/02\/b-orgogozo.mp4?_=1\" \/><a href=\"http:\/\/souvenirsdaltitude.fr\/wordpress\/wp-content\/uploads\/2014\/02\/b-orgogozo.mp4\">http:\/\/souvenirsdaltitude.fr\/wordpress\/wp-content\/uploads\/2014\/02\/b-orgogozo.mp4<\/a><\/video><\/div>\n<\/div>\n<\/div><\/div><\/div><div id=\"pgc-270-0-3\"  class=\"panel-grid-cell panel-grid-cell-empty\" ><\/div><\/div><\/div><\/div>","protected":false},"excerpt":{"rendered":"<p>Mes d\u00e9butsCertains sont n\u00e9s avec un appareil photo l\u00e9gu\u00e9 par leur arri\u00e8re grand-p\u00e8re et ont \u00e9t\u00e9 \u00e9duqu\u00e9s \u00e0 l&rsquo;odeur des bains de r\u00e9v\u00e9lations argentiques, et bien ce n&rsquo;est pas mon cas ! Ma premi\u00e8re r\u00e9v\u00e9lation, je l&rsquo;ai eu en 2001 : alors ag\u00e9 de 19 ans, j&rsquo;effectue, pour mon plus grand\u00a0bonheur, ma premi\u00e8re randonn\u00e9e itin\u00e9rante. [&hellip;]<\/p>\n","protected":false},"author":2,"featured_media":0,"parent":0,"menu_order":0,"comment_status":"closed","ping_status":"closed","template":"page-templates\/page_fullwidth.php","meta":[],"jetpack_sharing_enabled":true,"_links":{"self":[{"href":"https:\/\/souvenirsdaltitude.fr\/wordpress\/wp-json\/wp\/v2\/pages\/270"}],"collection":[{"href":"https:\/\/souvenirsdaltitude.fr\/wordpress\/wp-json\/wp\/v2\/pages"}],"about":[{"href":"https:\/\/souvenirsdaltitude.fr\/wordpress\/wp-json\/wp\/v2\/types\/page"}],"author":[{"embeddable":true,"href":"https:\/\/souvenirsdaltitude.fr\/wordpress\/wp-json\/wp\/v2\/users\/2"}],"replies":[{"embeddable":true,"href":"https:\/\/souvenirsdaltitude.fr\/wordpress\/wp-json\/wp\/v2\/comments?post=270"}],"version-history":[{"count":0,"href":"https:\/\/souvenirsdaltitude.fr\/wordpress\/wp-json\/wp\/v2\/pages\/270\/revisions"}],"wp:attachment":[{"href":"https:\/\/souvenirsdaltitude.fr\/wordpress\/wp-json\/wp\/v2\/media?parent=270"}],"curies":[{"name":"wp","href":"https:\/\/api.w.org\/{rel}","templated":true}]}}