{"id":17,"date":"2014-02-03T22:59:26","date_gmt":"2014-02-03T22:59:26","guid":{"rendered":"http:\/\/souvenirsdaltitude.fr\/wordpress\/?page_id=17"},"modified":"2016-05-25T12:51:30","modified_gmt":"2016-05-25T12:51:30","slug":"tirages-dart","status":"publish","type":"page","link":"https:\/\/souvenirsdaltitude.fr\/wordpress\/tirages-dart\/","title":{"rendered":"Tirages d&rsquo;art"},"content":{"rendered":"<div id=\"pl-17\"  class=\"panel-layout\" ><div id=\"pg-17-0\"  class=\"panel-grid panel-has-style\" ><div style=\"padding: 100px 0; \" data-overlay=\"true\" class=\"panel-row-style panel-row-style-for-17-0\" ><div id=\"pgc-17-0-0\"  class=\"panel-grid-cell panel-grid-cell-empty\" ><\/div><div id=\"pgc-17-0-1\"  class=\"panel-grid-cell\" ><div id=\"panel-17-0-1-0\" class=\"so-panel widget widget_sow-editor panel-first-child\" data-index=\"0\" ><div\n\t\t\t\n\t\t\tclass=\"so-widget-sow-editor so-widget-sow-editor-base\"\n\t\t\t\n\t\t>\n<div class=\"siteorigin-widget-tinymce textwidget\">\n\t<h2>Impression des tirages<\/h2>\n<p style=\"text-align: justify;\">Toutes les photographies de ce site et bien d'autres sont disponibles en tirages d'arts originaux. Ces \u0153uvres sont <strong>num\u00e9rot\u00e9s<\/strong>, sign\u00e9es (statut d'<strong>\u0153uvre d'art<\/strong>) et livr\u00e9es avec un <strong>certificat d'authenticit\u00e9<\/strong>. Chaque \u0153uvre est <strong>limit\u00e9e<\/strong> \u00e0 30 exemplaires et le tirage est effectu\u00e9\u00a0avec le plus grand soin sur du mat\u00e9riel haut de gamme, du papier d'art Hahnem\u00fchle et des encres pigmentaires. Le tout\u00a0garantissant ainsi une exceptionnelle qualit\u00e9 et dur\u00e9e de vie de vos \u0153uvres.<\/p>\n<h2>\u00a0<\/h2>\n<h2>Choix de la finition<\/h2>\n<p style=\"text-align: justify;\">Je vous propose plusieurs finitions : tirage seul en vue d'\u00eatre encadr\u00e9, mont\u00e9 sur un passe-partout, collage sur Dibond ou caisse am\u00e9ricaine... De m\u00eame, tous les tirages sont disponibles en tirage d'art \u00e0 partir du format A4 jusqu'\u00e0 des tirages de plus de 1,5 m\u00e8tres ! N'h\u00e9sitez pas \u00e0 me <a href=\"http:\/\/souvenirsdaltitude.fr\/wordpress\/contact\/\">contacter<\/a> afin que je vous conseille sur le choix de la\u00a0finition qui correspondra le mieux \u00e0 ce que vous souhaitez.<\/p>\n<h2 style=\"text-align: justify;\">\u00a0<\/h2>\n<h2 style=\"text-align: justify;\">Commande et d\u00e9lais<\/h2>\n<p style=\"text-align: justify;\">Il vous est possible de commander des tirages de toutes les <a href=\"http:\/\/souvenirsdaltitude.fr\/wordpress\/paysages\/\">photos de paysage<\/a>\u00a0disponibles sur ce site\u00a0: je vous invite donc \u00e0 parcourir mes diff\u00e9rentes <a href=\"http:\/\/souvenirsdaltitude.fr\/wordpress\/paysages\/\">galeries<\/a>. Une fois votre choix fait, il vous suffit de me <a href=\"http:\/\/souvenirsdaltitude.fr\/wordpress\/contact\/\">contacter<\/a>\u00a0afin que nous discutions ensemble de votre souhait et que je puisse ainsi vous proposer le\u00a0prix le plus bas possible tout en s'assurant du rendu exceptionnel de l'\u0153uvre que vous aurez acquise. Une fois la commande valid\u00e9e et pay\u00e9e, vous recevrez votre tirage dans un d\u00e9lai d'une semaine environ.<\/p>\n<h2>\u00a0<\/h2>\n<\/div>\n<\/div><\/div><div id=\"panel-17-0-1-1\" class=\"so-panel widget widget_sydney_action sydney_action_widget panel-last-child\" data-index=\"1\" >        <div class=\"roll-promobox \">\r\n\t\t\t<div class=\"promo-wrap\">\r\n\t\t\t\t\t\t\t\t<div class=\"promo-content\">\r\n\t\t\t\t\t<h3 class=\"title\">Envie d'un tirage ? Des questions ?<\/h3>\r\n\t\t\t\t<\/div>\r\n\t\t\t\t\t\t\t\t<div class=\"promo-controls\">\r\n\t\t\t\t\t<a href=\"http:\/\/souvenirsdaltitude.fr\/wordpress\/contact\" class=\"roll-button border\">Contactez-moi<\/a>\r\n\t\t\t\t<\/div>\r\n\t\t\t<\/div>\r\n        <\/div>\r\n\t<\/div><\/div><div id=\"pgc-17-0-2\"  class=\"panel-grid-cell panel-grid-cell-mobile-last\" ><div id=\"panel-17-0-2-0\" class=\"so-panel widget widget_sow-image panel-first-child panel-last-child\" data-index=\"2\" ><div\n\t\t\t\n\t\t\tclass=\"so-widget-sow-image so-widget-sow-image-default-8b5b6f678277-17\"\n\t\t\t\n\t\t>\n\n<div class=\"sow-image-container\">\n\t\t<img src=\"https:\/\/i0.wp.com\/souvenirsdaltitude.fr\/wordpress\/wp-content\/uploads\/2014\/02\/tirage_mont_aiguille-600x400.jpg?fit=600%2C400&amp;ssl=1\" width=\"600\" height=\"400\" srcset=\"https:\/\/i0.wp.com\/souvenirsdaltitude.fr\/wordpress\/wp-content\/uploads\/2014\/02\/tirage_mont_aiguille-600x400.jpg?resize=600%2C400&amp;ssl=1 600w, https:\/\/i0.wp.com\/souvenirsdaltitude.fr\/wordpress\/wp-content\/uploads\/2014\/02\/tirage_mont_aiguille-600x400.jpg?resize=300%2C200&amp;ssl=1 300w, https:\/\/i0.wp.com\/souvenirsdaltitude.fr\/wordpress\/wp-content\/uploads\/2014\/02\/tirage_mont_aiguille-600x400.jpg?resize=230%2C153&amp;ssl=1 230w, https:\/\/i0.wp.com\/souvenirsdaltitude.fr\/wordpress\/wp-content\/uploads\/2014\/02\/tirage_mont_aiguille-600x400.jpg?resize=350%2C233&amp;ssl=1 350w, https:\/\/i0.wp.com\/souvenirsdaltitude.fr\/wordpress\/wp-content\/uploads\/2014\/02\/tirage_mont_aiguille-600x400.jpg?resize=272%2C182&amp;ssl=1 272w\" title=\"tirage_mont_aiguille-600&#215;400\" alt=\"Tirages d&#039;art de Benjamin Orgogozo\" loading=\"lazy\" \t\tclass=\"so-widget-image\"\/>\n\t<\/div>\n\n<\/div><\/div><\/div><div id=\"pgc-17-0-3\"  class=\"panel-grid-cell panel-grid-cell-empty\" ><\/div><\/div><\/div><\/div>","protected":false},"excerpt":{"rendered":"<p>Impression des tiragesToutes les photographies de ce site et bien d&rsquo;autres sont disponibles en tirages d&rsquo;arts originaux. Ces \u0153uvres sont num\u00e9rot\u00e9s, sign\u00e9es (statut d&rsquo;\u0153uvre d&rsquo;art) et livr\u00e9es avec un certificat d&rsquo;authenticit\u00e9. Chaque \u0153uvre est limit\u00e9e \u00e0 30 exemplaires et le tirage est effectu\u00e9\u00a0avec le plus grand soin sur du mat\u00e9riel haut de gamme, du papier [&hellip;]<\/p>\n","protected":false},"author":2,"featured_media":0,"parent":0,"menu_order":0,"comment_status":"closed","ping_status":"closed","template":"page-templates\/page_fullwidth.php","meta":[],"jetpack_sharing_enabled":true,"_links":{"self":[{"href":"https:\/\/souvenirsdaltitude.fr\/wordpress\/wp-json\/wp\/v2\/pages\/17"}],"collection":[{"href":"https:\/\/souvenirsdaltitude.fr\/wordpress\/wp-json\/wp\/v2\/pages"}],"about":[{"href":"https:\/\/souvenirsdaltitude.fr\/wordpress\/wp-json\/wp\/v2\/types\/page"}],"author":[{"embeddable":true,"href":"https:\/\/souvenirsdaltitude.fr\/wordpress\/wp-json\/wp\/v2\/users\/2"}],"replies":[{"embeddable":true,"href":"https:\/\/souvenirsdaltitude.fr\/wordpress\/wp-json\/wp\/v2\/comments?post=17"}],"version-history":[{"count":0,"href":"https:\/\/souvenirsdaltitude.fr\/wordpress\/wp-json\/wp\/v2\/pages\/17\/revisions"}],"wp:attachment":[{"href":"https:\/\/souvenirsdaltitude.fr\/wordpress\/wp-json\/wp\/v2\/media?parent=17"}],"curies":[{"name":"wp","href":"https:\/\/api.w.org\/{rel}","templated":true}]}}